{"id":1333,"date":"2019-02-22T00:49:00","date_gmt":"2019-02-21T23:49:00","guid":{"rendered":"https:\/\/ledgoeroe.nl\/?post_type=product&#038;p=1333"},"modified":"2023-08-04T19:20:58","modified_gmt":"2023-08-04T17:20:58","slug":"philips-optivision-led-gen3","status":"publish","type":"product","link":"https:\/\/ledgoeroe.nl\/de\/led-buitenverlichting\/sport-en-terreinverlichting\/philips-optivision-led-gen3\/","title":{"rendered":"Philips OptiVision LED gen3"},"content":{"rendered":"<p>Het Philips OptiVision LED gen3 schijnwerpersysteem biedt een complete verlichtingsoplossing voor de eenvoudigste tot en met de meest complexe verlichtingstoepassingen voor bedrijfsterreinen en recreatiesportvelden. De uiterst effici\u00ebnte schijnwerper wordt geleverd met een uit \u00e9\u00e9n stuk gegoten behuizing, waarin respectievelijk 2 en 3 LED-units zijn ondergebracht. Deze functioneren met een externe driverdoos &#8211; afzonderlijk voor gebruik op een afstand van de schijnwerper (BV), of voorgemonteerd op de montagebeugel van de schijnwerper (HGB) &#8211; voor eenvoudige installatie en lagere initi\u00eble kosten. Het systeem voldoet aan de hoogste prestatienormen, biedt uitstekende verlichtingskwaliteit en uniformiteit en zorgt voor veiligheid en visueel comfort. Philips OptiVision LED biedt nieuwe mogelijkheden om het energieverbruik te verminderen en de flexibiliteit te verhogen. Naast het onmiddelijk starten zijn in combinatie met het Interact Sports managementsysteem de verlichtingsniveaus programmeerbaar welke speciaal zijn ontworpen voor recreatie- en trainingsfaciliteiten. De schijnwerper is ook compatibel met andere externe regelsystemen via DALI.<\/p>\n<h3>Voordelen<\/h3>\n<ul>\n<li>De ruime keuze aan optieken verzekert een maximaal optisch rendement en maakt een uiterst nauwkeurige lichtverdeling mogelijk met een minimum aan strooilicht.<\/li>\n<li>Kantelhoek van 0\u00b0 maakt een lage sCx-waarde mogelijk voor projecten die ge\u00efnstalleerde maststructuren willen hergebruiken om de vereiste investeringen tot een minimum te beperken. De optie voor een kantelhoek van 0\u00b0 verhoogt het comfort nog verder en minimaliseert klachten van bewoners over ongewenst binnendringen van strooilicht.<\/li>\n<li>In combinatie met Philips VSA&#8217;s of het Interact Sports beheersysteem maakt de schijnwerper extra energiebesparing (tot 65%) mogelijk in verschillende terreinverlichtingstoepassingen.<\/li>\n<\/ul>\n<h3>Kenmerken<\/h3>\n<ul>\n<li>Eendelige drukgegoten behuizing met beschermingsklasse IP66 tegen stof en water<\/li>\n<li>Brede omgevingstemperatuurtolerantie waardoor het geschikt is voor diverse sporttoepassingen.<\/li>\n<li>Optie om extra accessoires toe te voegen voor de beste verlichting, kantelhoek 0\u00b0, geen verblinding en uplight-regeling.<\/li>\n<li>Enkele hoogvermogendriver met IP66 drukgegoten behuizing en bescherming tegen schakelpieken van 10 kV.<\/li>\n<li>Programmeerbare DALI-driver maakt aansluiting op beheersystemen zoals Interact Sports mogelijk.<\/li>\n<\/ul>\n<h3>Toepassingen<\/h3>\n<ul>\n<li>Logistieke- en rangeerterreinen (havens, op- en overslag spoorwegen)<\/li>\n<li>Verlichting van platforms (luchthavens), parkeerterreinen en industrieterreinen<\/li>\n<li>Verlichtingstoepassingen voor recreatieve sporten (voetbal, hockey, basketbal, golf, tennis, enz.)<\/li>\n<\/ul>","protected":false},"excerpt":{"rendered":"<p>Slimme verlichting voor bedrijventerreinen en recreatiesportvelden<\/p>","protected":false},"featured_media":2338,"comment_status":"open","ping_status":"closed","template":"","meta":{"_acf_changed":false},"product_brand":[294],"product_cat":[22,43],"product_tag":[178,175,150,679],"class_list":{"0":"post-1333","1":"product","2":"type-product","3":"status-publish","4":"has-post-thumbnail","6":"product_brand-philips","7":"product_cat-led-buitenverlichting","8":"product_cat-sport-en-terreinverlichting","9":"product_tag-industrieterreinen","10":"product_tag-luchthavens","11":"product_tag-parkeerterreinen","12":"product_tag-recreatieve-sporten","14":"first","15":"instock","16":"taxable","17":"shipping-taxable","18":"purchasable","19":"product-type-variable"},"acf":[],"yoast_head":"<title>Philips OptiVision LED gen3 | LED Goeroe<\/title>\n<meta name=\"robots\" content=\"index, follow, max-snippet:-1, max-image-preview:large, max-video-preview:-1\" \/>\n<link rel=\"canonical\" href=\"https:\/\/ledgoeroe.nl\/de\/led-buitenverlichting\/sport-en-terreinverlichting\/philips-optivision-led-gen3\/\" \/>\n<meta property=\"og:locale\" content=\"de_DE\" \/>\n<meta property=\"og:type\" content=\"article\" \/>\n<meta property=\"og:title\" content=\"Philips OptiVision LED gen3\" \/>\n<meta property=\"og:description\" content=\"Slimme verlichting voor bedrijventerreinen en recreatiesportvelden\" \/>\n<meta property=\"og:url\" content=\"https:\/\/ledgoeroe.nl\/de\/led-buitenverlichting\/sport-en-terreinverlichting\/philips-optivision-led-gen3\/\" \/>\n<meta property=\"og:site_name\" content=\"LED Goeroe\" \/>\n<meta property=\"article:publisher\" content=\"https:\/\/www.facebook.com\/ledgoeroe\" \/>\n<meta property=\"article:modified_time\" content=\"2023-08-04T17:20:58+00:00\" \/>\n<meta property=\"og:image\" content=\"https:\/\/ledgoeroe.nl\/wp-content\/uploads\/2019\/02\/ledgoeroe.nl-philips-optivision-led-gen3.jpg\" \/>\n\t<meta property=\"og:image:width\" content=\"1080\" \/>\n\t<meta property=\"og:image:height\" content=\"1080\" \/>\n\t<meta property=\"og:image:type\" content=\"image\/jpeg\" \/>\n<meta name=\"twitter:card\" content=\"summary_large_image\" \/>\n<meta name=\"twitter:site\" content=\"@ledgoeroe\" \/>\n<meta name=\"twitter:label1\" content=\"Verf\u00fcgbarkeit\" \/>\n\t<meta name=\"twitter:data1\" content=\"Auf Lager\" \/>\n<script type=\"application\/ld+json\" class=\"yoast-schema-graph\">{\"@context\":\"https:\\\/\\\/schema.org\",\"@graph\":[{\"@type\":\"WebPage\",\"@id\":\"https:\\\/\\\/ledgoeroe.nl\\\/led-buitenverlichting\\\/sport-en-terreinverlichting\\\/philips-optivision-led-gen3\\\/\",\"url\":\"https:\\\/\\\/ledgoeroe.nl\\\/led-buitenverlichting\\\/sport-en-terreinverlichting\\\/philips-optivision-led-gen3\\\/\",\"name\":\"Philips OptiVision LED gen3 | LED Goeroe\",\"isPartOf\":{\"@id\":\"https:\\\/\\\/ledgoeroe.nl\\\/#website\"},\"primaryImageOfPage\":{\"@id\":\"https:\\\/\\\/ledgoeroe.nl\\\/led-buitenverlichting\\\/sport-en-terreinverlichting\\\/philips-optivision-led-gen3\\\/#primaryimage\"},\"image\":{\"@id\":\"https:\\\/\\\/ledgoeroe.nl\\\/led-buitenverlichting\\\/sport-en-terreinverlichting\\\/philips-optivision-led-gen3\\\/#primaryimage\"},\"thumbnailUrl\":\"https:\\\/\\\/ledgoeroe.nl\\\/wp-content\\\/uploads\\\/2019\\\/02\\\/ledgoeroe.nl-philips-optivision-led-gen3.jpg\",\"datePublished\":\"2019-02-21T23:49:00+00:00\",\"dateModified\":\"2023-08-04T17:20:58+00:00\",\"breadcrumb\":{\"@id\":\"https:\\\/\\\/ledgoeroe.nl\\\/led-buitenverlichting\\\/sport-en-terreinverlichting\\\/philips-optivision-led-gen3\\\/#breadcrumb\"},\"inLanguage\":\"de\",\"potentialAction\":[{\"@type\":\"ReadAction\",\"target\":[\"https:\\\/\\\/ledgoeroe.nl\\\/led-buitenverlichting\\\/sport-en-terreinverlichting\\\/philips-optivision-led-gen3\\\/\"]}]},{\"@type\":\"ImageObject\",\"inLanguage\":\"de\",\"@id\":\"https:\\\/\\\/ledgoeroe.nl\\\/led-buitenverlichting\\\/sport-en-terreinverlichting\\\/philips-optivision-led-gen3\\\/#primaryimage\",\"url\":\"https:\\\/\\\/ledgoeroe.nl\\\/wp-content\\\/uploads\\\/2019\\\/02\\\/ledgoeroe.nl-philips-optivision-led-gen3.jpg\",\"contentUrl\":\"https:\\\/\\\/ledgoeroe.nl\\\/wp-content\\\/uploads\\\/2019\\\/02\\\/ledgoeroe.nl-philips-optivision-led-gen3.jpg\",\"width\":1080,\"height\":1080,\"caption\":\"Philips OptiVision LED gen3\"},{\"@type\":\"BreadcrumbList\",\"@id\":\"https:\\\/\\\/ledgoeroe.nl\\\/led-buitenverlichting\\\/sport-en-terreinverlichting\\\/philips-optivision-led-gen3\\\/#breadcrumb\",\"itemListElement\":[{\"@type\":\"ListItem\",\"position\":1,\"name\":\"Home\",\"item\":\"https:\\\/\\\/ledgoeroe.nl\\\/\"},{\"@type\":\"ListItem\",\"position\":2,\"name\":\"Shop\",\"item\":\"https:\\\/\\\/ledgoeroe.nl\\\/shop\\\/\"},{\"@type\":\"ListItem\",\"position\":3,\"name\":\"Philips OptiVision LED gen3\"}]},{\"@type\":\"WebSite\",\"@id\":\"https:\\\/\\\/ledgoeroe.nl\\\/#website\",\"url\":\"https:\\\/\\\/ledgoeroe.nl\\\/\",\"name\":\"LED Goeroe\",\"description\":\"D\u00e9 specialist in LED-verlichting\",\"publisher\":{\"@id\":\"https:\\\/\\\/ledgoeroe.nl\\\/#organization\"},\"potentialAction\":[{\"@type\":\"SearchAction\",\"target\":{\"@type\":\"EntryPoint\",\"urlTemplate\":\"https:\\\/\\\/ledgoeroe.nl\\\/?s={search_term_string}\"},\"query-input\":{\"@type\":\"PropertyValueSpecification\",\"valueRequired\":true,\"valueName\":\"search_term_string\"}}],\"inLanguage\":\"de\"},{\"@type\":\"Organization\",\"@id\":\"https:\\\/\\\/ledgoeroe.nl\\\/#organization\",\"name\":\"LED Goeroe\",\"url\":\"https:\\\/\\\/ledgoeroe.nl\\\/\",\"logo\":{\"@type\":\"ImageObject\",\"inLanguage\":\"de\",\"@id\":\"https:\\\/\\\/ledgoeroe.nl\\\/#\\\/schema\\\/logo\\\/image\\\/\",\"url\":\"https:\\\/\\\/ledgoeroe.nl\\\/wp-content\\\/uploads\\\/2018\\\/11\\\/ledgoeroe-logo.png\",\"contentUrl\":\"https:\\\/\\\/ledgoeroe.nl\\\/wp-content\\\/uploads\\\/2018\\\/11\\\/ledgoeroe-logo.png\",\"width\":370,\"height\":70,\"caption\":\"LED Goeroe\"},\"image\":{\"@id\":\"https:\\\/\\\/ledgoeroe.nl\\\/#\\\/schema\\\/logo\\\/image\\\/\"},\"sameAs\":[\"https:\\\/\\\/www.facebook.com\\\/ledgoeroe\",\"https:\\\/\\\/x.com\\\/ledgoeroe\",\"https:\\\/\\\/nl.linkedin.com\\\/in\\\/bj\u00f6rn-tolner-58a74063\"]}]}<\/script>\n<meta property=\"product:brand\" content=\"Philips\" \/>\n<meta property=\"og:availability\" content=\"instock\" \/>\n<meta property=\"product:availability\" content=\"instock\" \/>\n<meta property=\"product:retailer_item_id\" content=\"1333\" \/>\n<meta property=\"product:condition\" content=\"new\" \/>","yoast_head_json":{"title":"Philips OptiVision LED gen3 | LED Goeroe","robots":{"index":"index","follow":"follow","max-snippet":"max-snippet:-1","max-image-preview":"max-image-preview:large","max-video-preview":"max-video-preview:-1"},"canonical":"https:\/\/ledgoeroe.nl\/de\/led-buitenverlichting\/sport-en-terreinverlichting\/philips-optivision-led-gen3\/","og_locale":"de_DE","og_type":"article","og_title":"Philips OptiVision LED gen3","og_description":"Slimme verlichting voor bedrijventerreinen en recreatiesportvelden","og_url":"https:\/\/ledgoeroe.nl\/de\/led-buitenverlichting\/sport-en-terreinverlichting\/philips-optivision-led-gen3\/","og_site_name":"LED Goeroe","article_publisher":"https:\/\/www.facebook.com\/ledgoeroe","article_modified_time":"2023-08-04T17:20:58+00:00","og_image":[{"width":1080,"height":1080,"url":"https:\/\/ledgoeroe.nl\/wp-content\/uploads\/2019\/02\/ledgoeroe.nl-philips-optivision-led-gen3.jpg","type":"image\/jpeg"}],"twitter_card":"summary_large_image","twitter_site":"@ledgoeroe","twitter_misc":{"Verf\u00fcgbarkeit":"Auf Lager"},"schema":{"@context":"https:\/\/schema.org","@graph":[{"@type":"WebPage","@id":"https:\/\/ledgoeroe.nl\/led-buitenverlichting\/sport-en-terreinverlichting\/philips-optivision-led-gen3\/","url":"https:\/\/ledgoeroe.nl\/led-buitenverlichting\/sport-en-terreinverlichting\/philips-optivision-led-gen3\/","name":"Philips OptiVision LED gen3 | LED Goeroe","isPartOf":{"@id":"https:\/\/ledgoeroe.nl\/#website"},"primaryImageOfPage":{"@id":"https:\/\/ledgoeroe.nl\/led-buitenverlichting\/sport-en-terreinverlichting\/philips-optivision-led-gen3\/#primaryimage"},"image":{"@id":"https:\/\/ledgoeroe.nl\/led-buitenverlichting\/sport-en-terreinverlichting\/philips-optivision-led-gen3\/#primaryimage"},"thumbnailUrl":"https:\/\/ledgoeroe.nl\/wp-content\/uploads\/2019\/02\/ledgoeroe.nl-philips-optivision-led-gen3.jpg","datePublished":"2019-02-21T23:49:00+00:00","dateModified":"2023-08-04T17:20:58+00:00","breadcrumb":{"@id":"https:\/\/ledgoeroe.nl\/led-buitenverlichting\/sport-en-terreinverlichting\/philips-optivision-led-gen3\/#breadcrumb"},"inLanguage":"de","potentialAction":[{"@type":"ReadAction","target":["https:\/\/ledgoeroe.nl\/led-buitenverlichting\/sport-en-terreinverlichting\/philips-optivision-led-gen3\/"]}]},{"@type":"ImageObject","inLanguage":"de","@id":"https:\/\/ledgoeroe.nl\/led-buitenverlichting\/sport-en-terreinverlichting\/philips-optivision-led-gen3\/#primaryimage","url":"https:\/\/ledgoeroe.nl\/wp-content\/uploads\/2019\/02\/ledgoeroe.nl-philips-optivision-led-gen3.jpg","contentUrl":"https:\/\/ledgoeroe.nl\/wp-content\/uploads\/2019\/02\/ledgoeroe.nl-philips-optivision-led-gen3.jpg","width":1080,"height":1080,"caption":"Philips OptiVision LED gen3"},{"@type":"BreadcrumbList","@id":"https:\/\/ledgoeroe.nl\/led-buitenverlichting\/sport-en-terreinverlichting\/philips-optivision-led-gen3\/#breadcrumb","itemListElement":[{"@type":"ListItem","position":1,"name":"Home","item":"https:\/\/ledgoeroe.nl\/"},{"@type":"ListItem","position":2,"name":"Shop","item":"https:\/\/ledgoeroe.nl\/shop\/"},{"@type":"ListItem","position":3,"name":"Philips OptiVision LED gen3"}]},{"@type":"WebSite","@id":"https:\/\/ledgoeroe.nl\/#website","url":"https:\/\/ledgoeroe.nl\/","name":"LED Goeroe","description":"D\u00e9 specialist in LED-verlichting","publisher":{"@id":"https:\/\/ledgoeroe.nl\/#organization"},"potentialAction":[{"@type":"SearchAction","target":{"@type":"EntryPoint","urlTemplate":"https:\/\/ledgoeroe.nl\/?s={search_term_string}"},"query-input":{"@type":"PropertyValueSpecification","valueRequired":true,"valueName":"search_term_string"}}],"inLanguage":"de"},{"@type":"Organization","@id":"https:\/\/ledgoeroe.nl\/#organization","name":"LED Goeroe","url":"https:\/\/ledgoeroe.nl\/","logo":{"@type":"ImageObject","inLanguage":"de","@id":"https:\/\/ledgoeroe.nl\/#\/schema\/logo\/image\/","url":"https:\/\/ledgoeroe.nl\/wp-content\/uploads\/2018\/11\/ledgoeroe-logo.png","contentUrl":"https:\/\/ledgoeroe.nl\/wp-content\/uploads\/2018\/11\/ledgoeroe-logo.png","width":370,"height":70,"caption":"LED Goeroe"},"image":{"@id":"https:\/\/ledgoeroe.nl\/#\/schema\/logo\/image\/"},"sameAs":["https:\/\/www.facebook.com\/ledgoeroe","https:\/\/x.com\/ledgoeroe","https:\/\/nl.linkedin.com\/in\/bj\u00f6rn-tolner-58a74063"]}]},"product_brand":"Philips","og_availability":"instock","product_availability":"instock","product_retailer_item_id":"1333","product_condition":"new"},"_links":{"self":[{"href":"https:\/\/ledgoeroe.nl\/de\/wp-json\/wp\/v2\/product\/1333","targetHints":{"allow":["GET"]}}],"collection":[{"href":"https:\/\/ledgoeroe.nl\/de\/wp-json\/wp\/v2\/product"}],"about":[{"href":"https:\/\/ledgoeroe.nl\/de\/wp-json\/wp\/v2\/types\/product"}],"replies":[{"embeddable":true,"href":"https:\/\/ledgoeroe.nl\/de\/wp-json\/wp\/v2\/comments?post=1333"}],"wp:featuredmedia":[{"embeddable":true,"href":"https:\/\/ledgoeroe.nl\/de\/wp-json\/wp\/v2\/media\/2338"}],"wp:attachment":[{"href":"https:\/\/ledgoeroe.nl\/de\/wp-json\/wp\/v2\/media?parent=1333"}],"wp:term":[{"taxonomy":"product_brand","embeddable":true,"href":"https:\/\/ledgoeroe.nl\/de\/wp-json\/wp\/v2\/product_brand?post=1333"},{"taxonomy":"product_cat","embeddable":true,"href":"https:\/\/ledgoeroe.nl\/de\/wp-json\/wp\/v2\/product_cat?post=1333"},{"taxonomy":"product_tag","embeddable":true,"href":"https:\/\/ledgoeroe.nl\/de\/wp-json\/wp\/v2\/product_tag?post=1333"}],"curies":[{"name":"wp","href":"https:\/\/api.w.org\/{rel}","templated":true}]}}