{"id":1435,"date":"2019-02-22T16:04:36","date_gmt":"2019-02-22T15:04:36","guid":{"rendered":"https:\/\/ledgoeroe.nl\/?post_type=product&#038;p=1435"},"modified":"2019-03-14T16:16:07","modified_gmt":"2019-03-14T15:16:07","slug":"philips-zadora-led","status":"publish","type":"product","link":"https:\/\/ledgoeroe.nl\/de\/led-binnenverlichting\/downlights\/philips-zadora-led\/","title":{"rendered":"Philips Zadora LED"},"content":{"rendered":"<p>Zadora LED is een reeks verstelbare inbouwdownlights voor MASTER LEDspot-lampen. Ze worden geleverd in installatieklare KIT-uitvoeringen inclusief de MASTER LEDspot MV-lamp. MASTER LEDspot levert enorme energiebesparingen en minimaliseert de onderhoudskosten zonder afbreuk te doen aan de helderheid, wat eigenaren in staat stelt hun investering binnen \u00e9\u00e9n jaar terug te verdienen. De verstelbare uitvoering biedt een ori\u00ebntatie van 30\u00b0 uit de verticale as. Beide lampen leveren een lichtstroom die overeenkomt met die van een 50 W halogeenlamp. Zadora LED-downlights zijn verkrijgbaar in verschillende kleurafwerkingen. Het onderhoud is gemakkelijk aangezien de lamp direct toegankelijk is.<\/p>\n<h3>Voordelen<\/h3>\n<ul>\n<li>Gemakkelijkste en goedkoopste manier om over te schakelen van halogeen- naar LED-armaturen<\/li>\n<li>Verlaag de bedrijfskosten met een energiebesparing van 85% en een 15x langere levensduur dan met standaard halogeenarmaturen<\/li>\n<li>Directe toegang tot de lamp voor gemakkelijk onderhoud<\/li>\n<\/ul>\n<h3>Kenmerken<\/h3>\n<ul>\n<li>Voorzien van de nieuwste LED-technologie<\/li>\n<li>Verkrijgbaar in verschillende afwerkingen<\/li>\n<li>Dimmer met verbeterde compatibiliteit<\/li>\n<\/ul>\n<h3>Toepassingen<\/h3>\n<ul>\n<li>Horeca<\/li>\n<li>Detailhandel<\/li>\n<li>Kantoren<\/li>\n<\/ul>","protected":false},"excerpt":{"rendered":"<p>De vrijheid om te cre\u00ebren<\/p>","protected":false},"featured_media":2449,"comment_status":"open","ping_status":"closed","template":"","meta":{"_acf_changed":false},"product_brand":[294],"product_cat":[31,21],"product_tag":[139,135,137],"class_list":{"0":"post-1435","1":"product","2":"type-product","3":"status-publish","4":"has-post-thumbnail","6":"product_brand-philips","7":"product_cat-downlights","8":"product_cat-led-binnenverlichting","9":"product_tag-detailhandel","10":"product_tag-horeca","11":"product_tag-kantoren","12":"pa_dimbaar-ja","13":"pa_dimbaar-nee","15":"first","16":"instock","17":"taxable","18":"shipping-taxable","19":"purchasable","20":"product-type-variable"},"acf":[],"yoast_head":"<title>Philips Zadora LED | LED Goeroe<\/title>\n<meta name=\"robots\" content=\"index, follow, max-snippet:-1, max-image-preview:large, max-video-preview:-1\" \/>\n<link rel=\"canonical\" href=\"https:\/\/ledgoeroe.nl\/de\/led-binnenverlichting\/downlights\/philips-zadora-led\/\" \/>\n<meta property=\"og:locale\" content=\"de_DE\" \/>\n<meta property=\"og:type\" content=\"article\" \/>\n<meta property=\"og:title\" content=\"Philips Zadora LED\" \/>\n<meta property=\"og:description\" content=\"De vrijheid om te cre\u00ebren\" \/>\n<meta property=\"og:url\" content=\"https:\/\/ledgoeroe.nl\/de\/led-binnenverlichting\/downlights\/philips-zadora-led\/\" \/>\n<meta property=\"og:site_name\" content=\"LED Goeroe\" \/>\n<meta property=\"article:publisher\" content=\"https:\/\/www.facebook.com\/ledgoeroe\" \/>\n<meta property=\"article:modified_time\" content=\"2019-03-14T15:16:07+00:00\" \/>\n<meta property=\"og:image\" content=\"https:\/\/ledgoeroe.nl\/wp-content\/uploads\/2019\/02\/ledgoeroe.nl-philips-zadora-led.jpg\" \/>\n\t<meta property=\"og:image:width\" content=\"1080\" \/>\n\t<meta property=\"og:image:height\" content=\"1080\" \/>\n\t<meta property=\"og:image:type\" content=\"image\/jpeg\" \/>\n<meta name=\"twitter:card\" content=\"summary_large_image\" \/>\n<meta name=\"twitter:site\" content=\"@ledgoeroe\" \/>\n<meta name=\"twitter:label1\" content=\"Verf\u00fcgbarkeit\" \/>\n\t<meta name=\"twitter:data1\" content=\"Auf Lager\" \/>\n<script type=\"application\/ld+json\" class=\"yoast-schema-graph\">{\"@context\":\"https:\\\/\\\/schema.org\",\"@graph\":[{\"@type\":\"WebPage\",\"@id\":\"https:\\\/\\\/ledgoeroe.nl\\\/led-binnenverlichting\\\/downlights\\\/philips-zadora-led\\\/\",\"url\":\"https:\\\/\\\/ledgoeroe.nl\\\/led-binnenverlichting\\\/downlights\\\/philips-zadora-led\\\/\",\"name\":\"Philips Zadora LED | LED Goeroe\",\"isPartOf\":{\"@id\":\"https:\\\/\\\/ledgoeroe.nl\\\/#website\"},\"primaryImageOfPage\":{\"@id\":\"https:\\\/\\\/ledgoeroe.nl\\\/led-binnenverlichting\\\/downlights\\\/philips-zadora-led\\\/#primaryimage\"},\"image\":{\"@id\":\"https:\\\/\\\/ledgoeroe.nl\\\/led-binnenverlichting\\\/downlights\\\/philips-zadora-led\\\/#primaryimage\"},\"thumbnailUrl\":\"https:\\\/\\\/ledgoeroe.nl\\\/wp-content\\\/uploads\\\/2019\\\/02\\\/ledgoeroe.nl-philips-zadora-led.jpg\",\"datePublished\":\"2019-02-22T15:04:36+00:00\",\"dateModified\":\"2019-03-14T15:16:07+00:00\",\"breadcrumb\":{\"@id\":\"https:\\\/\\\/ledgoeroe.nl\\\/led-binnenverlichting\\\/downlights\\\/philips-zadora-led\\\/#breadcrumb\"},\"inLanguage\":\"de\",\"potentialAction\":[{\"@type\":\"ReadAction\",\"target\":[\"https:\\\/\\\/ledgoeroe.nl\\\/led-binnenverlichting\\\/downlights\\\/philips-zadora-led\\\/\"]}]},{\"@type\":\"ImageObject\",\"inLanguage\":\"de\",\"@id\":\"https:\\\/\\\/ledgoeroe.nl\\\/led-binnenverlichting\\\/downlights\\\/philips-zadora-led\\\/#primaryimage\",\"url\":\"https:\\\/\\\/ledgoeroe.nl\\\/wp-content\\\/uploads\\\/2019\\\/02\\\/ledgoeroe.nl-philips-zadora-led.jpg\",\"contentUrl\":\"https:\\\/\\\/ledgoeroe.nl\\\/wp-content\\\/uploads\\\/2019\\\/02\\\/ledgoeroe.nl-philips-zadora-led.jpg\",\"width\":1080,\"height\":1080},{\"@type\":\"BreadcrumbList\",\"@id\":\"https:\\\/\\\/ledgoeroe.nl\\\/led-binnenverlichting\\\/downlights\\\/philips-zadora-led\\\/#breadcrumb\",\"itemListElement\":[{\"@type\":\"ListItem\",\"position\":1,\"name\":\"Home\",\"item\":\"https:\\\/\\\/ledgoeroe.nl\\\/\"},{\"@type\":\"ListItem\",\"position\":2,\"name\":\"Shop\",\"item\":\"https:\\\/\\\/ledgoeroe.nl\\\/shop\\\/\"},{\"@type\":\"ListItem\",\"position\":3,\"name\":\"Philips Zadora LED\"}]},{\"@type\":\"WebSite\",\"@id\":\"https:\\\/\\\/ledgoeroe.nl\\\/#website\",\"url\":\"https:\\\/\\\/ledgoeroe.nl\\\/\",\"name\":\"LED Goeroe\",\"description\":\"D\u00e9 specialist in LED-verlichting\",\"publisher\":{\"@id\":\"https:\\\/\\\/ledgoeroe.nl\\\/#organization\"},\"potentialAction\":[{\"@type\":\"SearchAction\",\"target\":{\"@type\":\"EntryPoint\",\"urlTemplate\":\"https:\\\/\\\/ledgoeroe.nl\\\/?s={search_term_string}\"},\"query-input\":{\"@type\":\"PropertyValueSpecification\",\"valueRequired\":true,\"valueName\":\"search_term_string\"}}],\"inLanguage\":\"de\"},{\"@type\":\"Organization\",\"@id\":\"https:\\\/\\\/ledgoeroe.nl\\\/#organization\",\"name\":\"LED Goeroe\",\"url\":\"https:\\\/\\\/ledgoeroe.nl\\\/\",\"logo\":{\"@type\":\"ImageObject\",\"inLanguage\":\"de\",\"@id\":\"https:\\\/\\\/ledgoeroe.nl\\\/#\\\/schema\\\/logo\\\/image\\\/\",\"url\":\"https:\\\/\\\/ledgoeroe.nl\\\/wp-content\\\/uploads\\\/2018\\\/11\\\/ledgoeroe-logo.png\",\"contentUrl\":\"https:\\\/\\\/ledgoeroe.nl\\\/wp-content\\\/uploads\\\/2018\\\/11\\\/ledgoeroe-logo.png\",\"width\":370,\"height\":70,\"caption\":\"LED Goeroe\"},\"image\":{\"@id\":\"https:\\\/\\\/ledgoeroe.nl\\\/#\\\/schema\\\/logo\\\/image\\\/\"},\"sameAs\":[\"https:\\\/\\\/www.facebook.com\\\/ledgoeroe\",\"https:\\\/\\\/x.com\\\/ledgoeroe\",\"https:\\\/\\\/nl.linkedin.com\\\/in\\\/bj\u00f6rn-tolner-58a74063\"]}]}<\/script>\n<meta property=\"product:brand\" content=\"Philips\" \/>\n<meta property=\"og:availability\" content=\"instock\" \/>\n<meta property=\"product:availability\" content=\"instock\" \/>\n<meta property=\"product:retailer_item_id\" content=\"1435\" \/>\n<meta property=\"product:condition\" content=\"new\" \/>","yoast_head_json":{"title":"Philips Zadora LED | LED Goeroe","robots":{"index":"index","follow":"follow","max-snippet":"max-snippet:-1","max-image-preview":"max-image-preview:large","max-video-preview":"max-video-preview:-1"},"canonical":"https:\/\/ledgoeroe.nl\/de\/led-binnenverlichting\/downlights\/philips-zadora-led\/","og_locale":"de_DE","og_type":"article","og_title":"Philips Zadora LED","og_description":"De vrijheid om te cre\u00ebren","og_url":"https:\/\/ledgoeroe.nl\/de\/led-binnenverlichting\/downlights\/philips-zadora-led\/","og_site_name":"LED Goeroe","article_publisher":"https:\/\/www.facebook.com\/ledgoeroe","article_modified_time":"2019-03-14T15:16:07+00:00","og_image":[{"width":1080,"height":1080,"url":"https:\/\/ledgoeroe.nl\/wp-content\/uploads\/2019\/02\/ledgoeroe.nl-philips-zadora-led.jpg","type":"image\/jpeg"}],"twitter_card":"summary_large_image","twitter_site":"@ledgoeroe","twitter_misc":{"Verf\u00fcgbarkeit":"Auf Lager"},"schema":{"@context":"https:\/\/schema.org","@graph":[{"@type":"WebPage","@id":"https:\/\/ledgoeroe.nl\/led-binnenverlichting\/downlights\/philips-zadora-led\/","url":"https:\/\/ledgoeroe.nl\/led-binnenverlichting\/downlights\/philips-zadora-led\/","name":"Philips Zadora LED | LED Goeroe","isPartOf":{"@id":"https:\/\/ledgoeroe.nl\/#website"},"primaryImageOfPage":{"@id":"https:\/\/ledgoeroe.nl\/led-binnenverlichting\/downlights\/philips-zadora-led\/#primaryimage"},"image":{"@id":"https:\/\/ledgoeroe.nl\/led-binnenverlichting\/downlights\/philips-zadora-led\/#primaryimage"},"thumbnailUrl":"https:\/\/ledgoeroe.nl\/wp-content\/uploads\/2019\/02\/ledgoeroe.nl-philips-zadora-led.jpg","datePublished":"2019-02-22T15:04:36+00:00","dateModified":"2019-03-14T15:16:07+00:00","breadcrumb":{"@id":"https:\/\/ledgoeroe.nl\/led-binnenverlichting\/downlights\/philips-zadora-led\/#breadcrumb"},"inLanguage":"de","potentialAction":[{"@type":"ReadAction","target":["https:\/\/ledgoeroe.nl\/led-binnenverlichting\/downlights\/philips-zadora-led\/"]}]},{"@type":"ImageObject","inLanguage":"de","@id":"https:\/\/ledgoeroe.nl\/led-binnenverlichting\/downlights\/philips-zadora-led\/#primaryimage","url":"https:\/\/ledgoeroe.nl\/wp-content\/uploads\/2019\/02\/ledgoeroe.nl-philips-zadora-led.jpg","contentUrl":"https:\/\/ledgoeroe.nl\/wp-content\/uploads\/2019\/02\/ledgoeroe.nl-philips-zadora-led.jpg","width":1080,"height":1080},{"@type":"BreadcrumbList","@id":"https:\/\/ledgoeroe.nl\/led-binnenverlichting\/downlights\/philips-zadora-led\/#breadcrumb","itemListElement":[{"@type":"ListItem","position":1,"name":"Home","item":"https:\/\/ledgoeroe.nl\/"},{"@type":"ListItem","position":2,"name":"Shop","item":"https:\/\/ledgoeroe.nl\/shop\/"},{"@type":"ListItem","position":3,"name":"Philips Zadora LED"}]},{"@type":"WebSite","@id":"https:\/\/ledgoeroe.nl\/#website","url":"https:\/\/ledgoeroe.nl\/","name":"LED Goeroe","description":"D\u00e9 specialist in LED-verlichting","publisher":{"@id":"https:\/\/ledgoeroe.nl\/#organization"},"potentialAction":[{"@type":"SearchAction","target":{"@type":"EntryPoint","urlTemplate":"https:\/\/ledgoeroe.nl\/?s={search_term_string}"},"query-input":{"@type":"PropertyValueSpecification","valueRequired":true,"valueName":"search_term_string"}}],"inLanguage":"de"},{"@type":"Organization","@id":"https:\/\/ledgoeroe.nl\/#organization","name":"LED Goeroe","url":"https:\/\/ledgoeroe.nl\/","logo":{"@type":"ImageObject","inLanguage":"de","@id":"https:\/\/ledgoeroe.nl\/#\/schema\/logo\/image\/","url":"https:\/\/ledgoeroe.nl\/wp-content\/uploads\/2018\/11\/ledgoeroe-logo.png","contentUrl":"https:\/\/ledgoeroe.nl\/wp-content\/uploads\/2018\/11\/ledgoeroe-logo.png","width":370,"height":70,"caption":"LED Goeroe"},"image":{"@id":"https:\/\/ledgoeroe.nl\/#\/schema\/logo\/image\/"},"sameAs":["https:\/\/www.facebook.com\/ledgoeroe","https:\/\/x.com\/ledgoeroe","https:\/\/nl.linkedin.com\/in\/bj\u00f6rn-tolner-58a74063"]}]},"product_brand":"Philips","og_availability":"instock","product_availability":"instock","product_retailer_item_id":"1435","product_condition":"new"},"_links":{"self":[{"href":"https:\/\/ledgoeroe.nl\/de\/wp-json\/wp\/v2\/product\/1435","targetHints":{"allow":["GET"]}}],"collection":[{"href":"https:\/\/ledgoeroe.nl\/de\/wp-json\/wp\/v2\/product"}],"about":[{"href":"https:\/\/ledgoeroe.nl\/de\/wp-json\/wp\/v2\/types\/product"}],"replies":[{"embeddable":true,"href":"https:\/\/ledgoeroe.nl\/de\/wp-json\/wp\/v2\/comments?post=1435"}],"wp:featuredmedia":[{"embeddable":true,"href":"https:\/\/ledgoeroe.nl\/de\/wp-json\/wp\/v2\/media\/2449"}],"wp:attachment":[{"href":"https:\/\/ledgoeroe.nl\/de\/wp-json\/wp\/v2\/media?parent=1435"}],"wp:term":[{"taxonomy":"product_brand","embeddable":true,"href":"https:\/\/ledgoeroe.nl\/de\/wp-json\/wp\/v2\/product_brand?post=1435"},{"taxonomy":"product_cat","embeddable":true,"href":"https:\/\/ledgoeroe.nl\/de\/wp-json\/wp\/v2\/product_cat?post=1435"},{"taxonomy":"product_tag","embeddable":true,"href":"https:\/\/ledgoeroe.nl\/de\/wp-json\/wp\/v2\/product_tag?post=1435"}],"curies":[{"name":"wp","href":"https:\/\/api.w.org\/{rel}","templated":true}]}}