{"id":1458,"date":"2019-02-22T16:57:31","date_gmt":"2019-02-22T15:57:31","guid":{"rendered":"https:\/\/ledgoeroe.nl\/?post_type=product&#038;p=1458"},"modified":"2019-08-19T00:02:21","modified_gmt":"2019-08-18T22:02:21","slug":"philips-greenspace-accent-cardanic","status":"publish","type":"product","link":"https:\/\/ledgoeroe.nl\/de\/led-binnenverlichting\/downlights\/philips-greenspace-accent-cardanic\/","title":{"rendered":"Philips GreenSpace Accent Cardanic"},"content":{"rendered":"<p>Dankzij de GreenSpace Accent-serie kunnen winkeliers en gebouwbeheerders nu overstappen van CDM naar LED. Zo kunnen ze profiteren van de voordelen van de lichtkwaliteit van PerfectAccent van Philips en een aanzienlijke energiebesparing, en dat alles voor een redelijke initi\u00eble investering. De inbouwopening van de GreenSpace Accent Cardanic en speciale lichtopbrengst maken het ideaal voor retrofit.Voor mode- en voedingsmiddelenwinkels is GreenSpace Accent Cardanic ook verkrijgbaar met speciale lichtvarianten en LED-recepten om de aangeboden kleding en verse etenswaren in het allerbeste licht te presenteren. Neem een kijkje op onze cataloguspagina&#8217;s voor mode en voedsel voor meer informatie over CrispWhite, PremiumWhite, Fresh Food Meat en Fresh Food Champagne.<\/p>\n<h3>Voordelen<\/h3>\n<ul>\n<li>Hoge lumenopbrengst van uiterst compacte en lage armatuur<\/li>\n<li>Cardanische pendelmontage (twee afzonderlijke kantelringen)<\/li>\n<li>Breed toepassingsbereik<\/li>\n<\/ul>\n<h3>Kenmerken<\/h3>\n<ul>\n<li>Uitstekende lichtkwaliteit door Philips PerfectAccent-optieken<\/li>\n<li>Hoog energierendement<\/li>\n<li>Pure en robuuste vormgeving<\/li>\n<li>E\u00e9n-op-\u00e9\u00e9n vervanging van CDM<\/li>\n<\/ul>\n<h3>Toepassingen<\/h3>\n<ul>\n<li>Levensmiddelen- en modewinkels<\/li>\n<\/ul>","protected":false},"excerpt":{"rendered":"<p>Een flexibel en betaalbaar aanbod voor de detailhandel<\/p>","protected":false},"featured_media":1459,"comment_status":"open","ping_status":"closed","template":"","meta":{"_acf_changed":false},"product_brand":[294],"product_cat":[21,31],"product_tag":[],"class_list":{"0":"post-1458","1":"product","2":"type-product","3":"status-publish","4":"has-post-thumbnail","6":"product_brand-philips","7":"product_cat-led-binnenverlichting","8":"product_cat-downlights","9":"pa_dimbaar-ja","10":"pa_dimbaar-nee","12":"first","13":"instock","14":"taxable","15":"shipping-taxable","16":"purchasable","17":"product-type-variable"},"acf":[],"yoast_head":"<title>Philips GreenSpace Accent Cardanic | LED Goeroe<\/title>\n<meta name=\"robots\" content=\"index, follow, max-snippet:-1, max-image-preview:large, max-video-preview:-1\" \/>\n<link rel=\"canonical\" href=\"https:\/\/ledgoeroe.nl\/de\/led-binnenverlichting\/downlights\/philips-greenspace-accent-cardanic\/\" \/>\n<meta property=\"og:locale\" content=\"de_DE\" \/>\n<meta property=\"og:type\" content=\"article\" \/>\n<meta property=\"og:title\" content=\"Philips GreenSpace Accent Cardanic\" \/>\n<meta property=\"og:description\" content=\"Een flexibel en betaalbaar aanbod voor de detailhandel\" \/>\n<meta property=\"og:url\" content=\"https:\/\/ledgoeroe.nl\/de\/led-binnenverlichting\/downlights\/philips-greenspace-accent-cardanic\/\" \/>\n<meta property=\"og:site_name\" content=\"LED Goeroe\" \/>\n<meta property=\"article:publisher\" content=\"https:\/\/www.facebook.com\/ledgoeroe\" \/>\n<meta property=\"article:modified_time\" content=\"2019-08-18T22:02:21+00:00\" \/>\n<meta property=\"og:image\" content=\"https:\/\/ledgoeroe.nl\/wp-content\/uploads\/2019\/02\/ledgoeroe.nl-philips-greenspace-accent-cardanic.png\" \/>\n\t<meta property=\"og:image:width\" content=\"1200\" \/>\n\t<meta property=\"og:image:height\" content=\"920\" \/>\n\t<meta property=\"og:image:type\" content=\"image\/png\" \/>\n<meta name=\"twitter:card\" content=\"summary_large_image\" \/>\n<meta name=\"twitter:site\" content=\"@ledgoeroe\" \/>\n<meta name=\"twitter:label1\" content=\"Verf\u00fcgbarkeit\" \/>\n\t<meta name=\"twitter:data1\" content=\"Auf Lager\" \/>\n<script type=\"application\/ld+json\" class=\"yoast-schema-graph\">{\"@context\":\"https:\\\/\\\/schema.org\",\"@graph\":[{\"@type\":\"WebPage\",\"@id\":\"https:\\\/\\\/ledgoeroe.nl\\\/de\\\/led-binnenverlichting\\\/downlights\\\/philips-greenspace-accent-cardanic\\\/\",\"url\":\"https:\\\/\\\/ledgoeroe.nl\\\/de\\\/led-binnenverlichting\\\/downlights\\\/philips-greenspace-accent-cardanic\\\/\",\"name\":\"Philips GreenSpace Accent Cardanic | LED Goeroe\",\"isPartOf\":{\"@id\":\"https:\\\/\\\/ledgoeroe.nl\\\/#website\"},\"primaryImageOfPage\":{\"@id\":\"https:\\\/\\\/ledgoeroe.nl\\\/de\\\/led-binnenverlichting\\\/downlights\\\/philips-greenspace-accent-cardanic\\\/#primaryimage\"},\"image\":{\"@id\":\"https:\\\/\\\/ledgoeroe.nl\\\/de\\\/led-binnenverlichting\\\/downlights\\\/philips-greenspace-accent-cardanic\\\/#primaryimage\"},\"thumbnailUrl\":\"https:\\\/\\\/ledgoeroe.nl\\\/wp-content\\\/uploads\\\/2019\\\/02\\\/ledgoeroe.nl-philips-greenspace-accent-cardanic.png\",\"datePublished\":\"2019-02-22T15:57:31+00:00\",\"dateModified\":\"2019-08-18T22:02:21+00:00\",\"breadcrumb\":{\"@id\":\"https:\\\/\\\/ledgoeroe.nl\\\/de\\\/led-binnenverlichting\\\/downlights\\\/philips-greenspace-accent-cardanic\\\/#breadcrumb\"},\"inLanguage\":\"de\",\"potentialAction\":[{\"@type\":\"ReadAction\",\"target\":[\"https:\\\/\\\/ledgoeroe.nl\\\/de\\\/led-binnenverlichting\\\/downlights\\\/philips-greenspace-accent-cardanic\\\/\"]}]},{\"@type\":\"ImageObject\",\"inLanguage\":\"de\",\"@id\":\"https:\\\/\\\/ledgoeroe.nl\\\/de\\\/led-binnenverlichting\\\/downlights\\\/philips-greenspace-accent-cardanic\\\/#primaryimage\",\"url\":\"https:\\\/\\\/ledgoeroe.nl\\\/wp-content\\\/uploads\\\/2019\\\/02\\\/ledgoeroe.nl-philips-greenspace-accent-cardanic.png\",\"contentUrl\":\"https:\\\/\\\/ledgoeroe.nl\\\/wp-content\\\/uploads\\\/2019\\\/02\\\/ledgoeroe.nl-philips-greenspace-accent-cardanic.png\",\"width\":1200,\"height\":920},{\"@type\":\"BreadcrumbList\",\"@id\":\"https:\\\/\\\/ledgoeroe.nl\\\/de\\\/led-binnenverlichting\\\/downlights\\\/philips-greenspace-accent-cardanic\\\/#breadcrumb\",\"itemListElement\":[{\"@type\":\"ListItem\",\"position\":1,\"name\":\"Home\",\"item\":\"https:\\\/\\\/ledgoeroe.nl\\\/\"},{\"@type\":\"ListItem\",\"position\":2,\"name\":\"Shop\",\"item\":\"https:\\\/\\\/ledgoeroe.nl\\\/shop\\\/\"},{\"@type\":\"ListItem\",\"position\":3,\"name\":\"Philips GreenSpace Accent Cardanic\"}]},{\"@type\":\"WebSite\",\"@id\":\"https:\\\/\\\/ledgoeroe.nl\\\/#website\",\"url\":\"https:\\\/\\\/ledgoeroe.nl\\\/\",\"name\":\"LED Goeroe\",\"description\":\"D\u00e9 specialist in LED-verlichting\",\"publisher\":{\"@id\":\"https:\\\/\\\/ledgoeroe.nl\\\/#organization\"},\"potentialAction\":[{\"@type\":\"SearchAction\",\"target\":{\"@type\":\"EntryPoint\",\"urlTemplate\":\"https:\\\/\\\/ledgoeroe.nl\\\/?s={search_term_string}\"},\"query-input\":{\"@type\":\"PropertyValueSpecification\",\"valueRequired\":true,\"valueName\":\"search_term_string\"}}],\"inLanguage\":\"de\"},{\"@type\":\"Organization\",\"@id\":\"https:\\\/\\\/ledgoeroe.nl\\\/#organization\",\"name\":\"LED Goeroe\",\"url\":\"https:\\\/\\\/ledgoeroe.nl\\\/\",\"logo\":{\"@type\":\"ImageObject\",\"inLanguage\":\"de\",\"@id\":\"https:\\\/\\\/ledgoeroe.nl\\\/#\\\/schema\\\/logo\\\/image\\\/\",\"url\":\"https:\\\/\\\/ledgoeroe.nl\\\/wp-content\\\/uploads\\\/2018\\\/11\\\/ledgoeroe-logo.png\",\"contentUrl\":\"https:\\\/\\\/ledgoeroe.nl\\\/wp-content\\\/uploads\\\/2018\\\/11\\\/ledgoeroe-logo.png\",\"width\":370,\"height\":70,\"caption\":\"LED Goeroe\"},\"image\":{\"@id\":\"https:\\\/\\\/ledgoeroe.nl\\\/#\\\/schema\\\/logo\\\/image\\\/\"},\"sameAs\":[\"https:\\\/\\\/www.facebook.com\\\/ledgoeroe\",\"https:\\\/\\\/x.com\\\/ledgoeroe\",\"https:\\\/\\\/nl.linkedin.com\\\/in\\\/bj\u00f6rn-tolner-58a74063\"]}]}<\/script>\n<meta property=\"product:brand\" content=\"Philips\" \/>\n<meta property=\"og:availability\" content=\"instock\" \/>\n<meta property=\"product:availability\" content=\"instock\" \/>\n<meta property=\"product:retailer_item_id\" content=\"1458\" \/>\n<meta property=\"product:condition\" content=\"new\" \/>","yoast_head_json":{"title":"Philips GreenSpace Accent Cardanic | LED Goeroe","robots":{"index":"index","follow":"follow","max-snippet":"max-snippet:-1","max-image-preview":"max-image-preview:large","max-video-preview":"max-video-preview:-1"},"canonical":"https:\/\/ledgoeroe.nl\/de\/led-binnenverlichting\/downlights\/philips-greenspace-accent-cardanic\/","og_locale":"de_DE","og_type":"article","og_title":"Philips GreenSpace Accent Cardanic","og_description":"Een flexibel en betaalbaar aanbod voor de detailhandel","og_url":"https:\/\/ledgoeroe.nl\/de\/led-binnenverlichting\/downlights\/philips-greenspace-accent-cardanic\/","og_site_name":"LED Goeroe","article_publisher":"https:\/\/www.facebook.com\/ledgoeroe","article_modified_time":"2019-08-18T22:02:21+00:00","og_image":[{"width":1200,"height":920,"url":"https:\/\/ledgoeroe.nl\/wp-content\/uploads\/2019\/02\/ledgoeroe.nl-philips-greenspace-accent-cardanic.png","type":"image\/png"}],"twitter_card":"summary_large_image","twitter_site":"@ledgoeroe","twitter_misc":{"Verf\u00fcgbarkeit":"Auf Lager"},"schema":{"@context":"https:\/\/schema.org","@graph":[{"@type":"WebPage","@id":"https:\/\/ledgoeroe.nl\/de\/led-binnenverlichting\/downlights\/philips-greenspace-accent-cardanic\/","url":"https:\/\/ledgoeroe.nl\/de\/led-binnenverlichting\/downlights\/philips-greenspace-accent-cardanic\/","name":"Philips GreenSpace Accent Cardanic | LED Goeroe","isPartOf":{"@id":"https:\/\/ledgoeroe.nl\/#website"},"primaryImageOfPage":{"@id":"https:\/\/ledgoeroe.nl\/de\/led-binnenverlichting\/downlights\/philips-greenspace-accent-cardanic\/#primaryimage"},"image":{"@id":"https:\/\/ledgoeroe.nl\/de\/led-binnenverlichting\/downlights\/philips-greenspace-accent-cardanic\/#primaryimage"},"thumbnailUrl":"https:\/\/ledgoeroe.nl\/wp-content\/uploads\/2019\/02\/ledgoeroe.nl-philips-greenspace-accent-cardanic.png","datePublished":"2019-02-22T15:57:31+00:00","dateModified":"2019-08-18T22:02:21+00:00","breadcrumb":{"@id":"https:\/\/ledgoeroe.nl\/de\/led-binnenverlichting\/downlights\/philips-greenspace-accent-cardanic\/#breadcrumb"},"inLanguage":"de","potentialAction":[{"@type":"ReadAction","target":["https:\/\/ledgoeroe.nl\/de\/led-binnenverlichting\/downlights\/philips-greenspace-accent-cardanic\/"]}]},{"@type":"ImageObject","inLanguage":"de","@id":"https:\/\/ledgoeroe.nl\/de\/led-binnenverlichting\/downlights\/philips-greenspace-accent-cardanic\/#primaryimage","url":"https:\/\/ledgoeroe.nl\/wp-content\/uploads\/2019\/02\/ledgoeroe.nl-philips-greenspace-accent-cardanic.png","contentUrl":"https:\/\/ledgoeroe.nl\/wp-content\/uploads\/2019\/02\/ledgoeroe.nl-philips-greenspace-accent-cardanic.png","width":1200,"height":920},{"@type":"BreadcrumbList","@id":"https:\/\/ledgoeroe.nl\/de\/led-binnenverlichting\/downlights\/philips-greenspace-accent-cardanic\/#breadcrumb","itemListElement":[{"@type":"ListItem","position":1,"name":"Home","item":"https:\/\/ledgoeroe.nl\/"},{"@type":"ListItem","position":2,"name":"Shop","item":"https:\/\/ledgoeroe.nl\/shop\/"},{"@type":"ListItem","position":3,"name":"Philips GreenSpace Accent Cardanic"}]},{"@type":"WebSite","@id":"https:\/\/ledgoeroe.nl\/#website","url":"https:\/\/ledgoeroe.nl\/","name":"LED Goeroe","description":"D\u00e9 specialist in LED-verlichting","publisher":{"@id":"https:\/\/ledgoeroe.nl\/#organization"},"potentialAction":[{"@type":"SearchAction","target":{"@type":"EntryPoint","urlTemplate":"https:\/\/ledgoeroe.nl\/?s={search_term_string}"},"query-input":{"@type":"PropertyValueSpecification","valueRequired":true,"valueName":"search_term_string"}}],"inLanguage":"de"},{"@type":"Organization","@id":"https:\/\/ledgoeroe.nl\/#organization","name":"LED Goeroe","url":"https:\/\/ledgoeroe.nl\/","logo":{"@type":"ImageObject","inLanguage":"de","@id":"https:\/\/ledgoeroe.nl\/#\/schema\/logo\/image\/","url":"https:\/\/ledgoeroe.nl\/wp-content\/uploads\/2018\/11\/ledgoeroe-logo.png","contentUrl":"https:\/\/ledgoeroe.nl\/wp-content\/uploads\/2018\/11\/ledgoeroe-logo.png","width":370,"height":70,"caption":"LED Goeroe"},"image":{"@id":"https:\/\/ledgoeroe.nl\/#\/schema\/logo\/image\/"},"sameAs":["https:\/\/www.facebook.com\/ledgoeroe","https:\/\/x.com\/ledgoeroe","https:\/\/nl.linkedin.com\/in\/bj\u00f6rn-tolner-58a74063"]}]},"product_brand":"Philips","og_availability":"instock","product_availability":"instock","product_retailer_item_id":"1458","product_condition":"new"},"_links":{"self":[{"href":"https:\/\/ledgoeroe.nl\/de\/wp-json\/wp\/v2\/product\/1458","targetHints":{"allow":["GET"]}}],"collection":[{"href":"https:\/\/ledgoeroe.nl\/de\/wp-json\/wp\/v2\/product"}],"about":[{"href":"https:\/\/ledgoeroe.nl\/de\/wp-json\/wp\/v2\/types\/product"}],"replies":[{"embeddable":true,"href":"https:\/\/ledgoeroe.nl\/de\/wp-json\/wp\/v2\/comments?post=1458"}],"wp:featuredmedia":[{"embeddable":true,"href":"https:\/\/ledgoeroe.nl\/de\/wp-json\/wp\/v2\/media\/1459"}],"wp:attachment":[{"href":"https:\/\/ledgoeroe.nl\/de\/wp-json\/wp\/v2\/media?parent=1458"}],"wp:term":[{"taxonomy":"product_brand","embeddable":true,"href":"https:\/\/ledgoeroe.nl\/de\/wp-json\/wp\/v2\/product_brand?post=1458"},{"taxonomy":"product_cat","embeddable":true,"href":"https:\/\/ledgoeroe.nl\/de\/wp-json\/wp\/v2\/product_cat?post=1458"},{"taxonomy":"product_tag","embeddable":true,"href":"https:\/\/ledgoeroe.nl\/de\/wp-json\/wp\/v2\/product_tag?post=1458"}],"curies":[{"name":"wp","href":"https:\/\/api.w.org\/{rel}","templated":true}]}}