{"id":1377,"date":"2019-02-22T14:00:15","date_gmt":"2019-02-22T13:00:15","guid":{"rendered":"https:\/\/ledgoeroe.nl\/?post_type=product&#038;p=1377"},"modified":"2025-02-10T23:49:17","modified_gmt":"2025-02-10T22:49:17","slug":"philips-flexblend-suspended-pendel-armatuur","status":"publish","type":"product","link":"https:\/\/ledgoeroe.nl\/en\/led-binnenverlichting\/pendelarmaturen\/philips-flexblend-suspended-pendel-armatuur\/","title":{"rendered":"Philips Flexblend Suspended"},"content":{"rendered":"<p>Hoewel in veel gevallen de functionele verlichtingsprestaties maatgevend zijn, zal er ook interesse zijn in het toepassen van armaturen die aantrekkelijk en\/of onopvallend zijn. Vooral in toepassingen waar opbouw- of pendelarmaturen gebruikt moeten worden, kan het moeilijk zijn aan allebei van deze eisen te voldoen.Flexblend Suspended biedt niet alleen een hoger energierendement, maar is ook visueel aantrekkelijk zonder opvallend te zijn. Bovendien voldoet hij licht technisch aan alle relevante kantoornormen.<\/p>\n<h3>Voordelen<\/h3>\n<ul>\n<li>Office compliant LED opbouw- en pendelarmatuur<\/li>\n<li>Zeer fraaie vormgeving<\/li>\n<li>Levensduur 50.000 uur<\/li>\n<\/ul>\n<h3>Kenmerken<\/h3>\n<ul>\n<li>Energierendement &gt; 90 lm\/W, wat besparingen op de energiekosten van ca. 30% mogelijk maakt<\/li>\n<li>Compact, lichtgewicht en onopvallend<\/li>\n<li>Philips FlexBlend Suspended voldoet aan UGR19 en twee niveaus van L65, namelijk 1500\/3000 cd\/m2<\/li>\n<li>Philips FlexBlend Suspended is standaard dimbaar (DALI), en daardoor eenvoudig te combineren met smart home controllers<\/li>\n<\/ul>\n<h3>Toepassingen<\/h3>\n<ul>\n<li>Algemene binnenverlichtingstoepassingen die opbouw- of pendelmontage vereisen<\/li>\n<\/ul>","protected":false},"excerpt":{"rendered":"<p>Philips Flexblend Suspended is een Combinatie van prestaties en fraaie vormgeving<\/p>","protected":false},"featured_media":10862,"comment_status":"open","ping_status":"closed","template":"","meta":{"_acf_changed":false},"product_brand":[294],"product_cat":[21,26],"product_tag":[],"class_list":{"0":"post-1377","1":"product","2":"type-product","3":"status-publish","4":"has-post-thumbnail","6":"product_brand-philips","7":"product_cat-led-binnenverlichting","8":"product_cat-pendelarmaturen","10":"first","11":"instock","12":"taxable","13":"shipping-taxable","14":"purchasable","15":"product-type-variable"},"acf":[],"yoast_head":"<title>Philips Flexblend Suspended | LED Goeroe<\/title>\n<meta name=\"description\" content=\"De Philips FlexBlend Suspended is de ultieme pendelarmatuur, ontworpen voor optimale verlichting met een strak en modern design. Dankzij geavanceerde optiek biedt hij een perfect uitgebalanceerd lichtbeeld zonder verblinding, wat zorgt voor een comfortabele en productieve werkomgeving. Met zijn energiezuinige LED-technologie, flexibele installatieopties en hoogwaardige afwerking is de FlexBlend Suspended d\u00e9 keuze voor wie stijl, prestaties en duurzaamheid in \u00e9\u00e9n armatuur wil combineren\" \/>\n<meta name=\"robots\" content=\"index, follow, max-snippet:-1, max-image-preview:large, max-video-preview:-1\" \/>\n<link rel=\"canonical\" href=\"https:\/\/ledgoeroe.nl\/en\/led-binnenverlichting\/pendelarmaturen\/philips-flexblend-suspended-pendel-armatuur\/\" \/>\n<meta property=\"og:locale\" content=\"en_US\" \/>\n<meta property=\"og:type\" content=\"article\" \/>\n<meta property=\"og:title\" content=\"Philips Flexblend Suspended\" \/>\n<meta property=\"og:description\" content=\"De Philips FlexBlend Suspended is de ultieme pendelarmatuur, ontworpen voor optimale verlichting met een strak en modern design. Dankzij geavanceerde optiek biedt hij een perfect uitgebalanceerd lichtbeeld zonder verblinding, wat zorgt voor een comfortabele en productieve werkomgeving. Met zijn energiezuinige LED-technologie, flexibele installatieopties en hoogwaardige afwerking is de FlexBlend Suspended d\u00e9 keuze voor wie stijl, prestaties en duurzaamheid in \u00e9\u00e9n armatuur wil combineren\" \/>\n<meta property=\"og:url\" content=\"https:\/\/ledgoeroe.nl\/en\/led-binnenverlichting\/pendelarmaturen\/philips-flexblend-suspended-pendel-armatuur\/\" \/>\n<meta property=\"og:site_name\" content=\"LED Goeroe\" \/>\n<meta property=\"article:publisher\" content=\"https:\/\/www.facebook.com\/ledgoeroe\" \/>\n<meta property=\"article:modified_time\" content=\"2025-02-10T22:49:17+00:00\" \/>\n<meta property=\"og:image\" content=\"https:\/\/ledgoeroe.nl\/wp-content\/uploads\/2019\/02\/ledgoeroe.nl-philips-smartbalance-sp480p-1.jpg\" \/>\n\t<meta property=\"og:image:width\" content=\"1208\" \/>\n\t<meta property=\"og:image:height\" content=\"704\" \/>\n\t<meta property=\"og:image:type\" content=\"image\/jpeg\" \/>\n<meta name=\"twitter:card\" content=\"summary_large_image\" \/>\n<meta name=\"twitter:site\" content=\"@ledgoeroe\" \/>\n<meta name=\"twitter:label1\" content=\"Availability\" \/>\n\t<meta name=\"twitter:data1\" content=\"In stock\" \/>\n<script type=\"application\/ld+json\" class=\"yoast-schema-graph\">{\"@context\":\"https:\\\/\\\/schema.org\",\"@graph\":[{\"@type\":\"WebPage\",\"@id\":\"https:\\\/\\\/ledgoeroe.nl\\\/led-binnenverlichting\\\/pendelarmaturen\\\/philips-flexblend-suspended-pendel-armatuur\\\/\",\"url\":\"https:\\\/\\\/ledgoeroe.nl\\\/led-binnenverlichting\\\/pendelarmaturen\\\/philips-flexblend-suspended-pendel-armatuur\\\/\",\"name\":\"Philips Flexblend Suspended | LED Goeroe\",\"isPartOf\":{\"@id\":\"https:\\\/\\\/ledgoeroe.nl\\\/#website\"},\"primaryImageOfPage\":{\"@id\":\"https:\\\/\\\/ledgoeroe.nl\\\/led-binnenverlichting\\\/pendelarmaturen\\\/philips-flexblend-suspended-pendel-armatuur\\\/#primaryimage\"},\"image\":{\"@id\":\"https:\\\/\\\/ledgoeroe.nl\\\/led-binnenverlichting\\\/pendelarmaturen\\\/philips-flexblend-suspended-pendel-armatuur\\\/#primaryimage\"},\"thumbnailUrl\":\"https:\\\/\\\/ledgoeroe.nl\\\/wp-content\\\/uploads\\\/2019\\\/02\\\/ledgoeroe.nl-philips-smartbalance-sp480p-1.jpg\",\"datePublished\":\"2019-02-22T13:00:15+00:00\",\"dateModified\":\"2025-02-10T22:49:17+00:00\",\"description\":\"De Philips FlexBlend Suspended is de ultieme pendelarmatuur, ontworpen voor optimale verlichting met een strak en modern design. Dankzij geavanceerde optiek biedt hij een perfect uitgebalanceerd lichtbeeld zonder verblinding, wat zorgt voor een comfortabele en productieve werkomgeving. Met zijn energiezuinige LED-technologie, flexibele installatieopties en hoogwaardige afwerking is de FlexBlend Suspended d\u00e9 keuze voor wie stijl, prestaties en duurzaamheid in \u00e9\u00e9n armatuur wil combineren\",\"breadcrumb\":{\"@id\":\"https:\\\/\\\/ledgoeroe.nl\\\/led-binnenverlichting\\\/pendelarmaturen\\\/philips-flexblend-suspended-pendel-armatuur\\\/#breadcrumb\"},\"inLanguage\":\"en-US\",\"potentialAction\":[{\"@type\":\"ReadAction\",\"target\":[\"https:\\\/\\\/ledgoeroe.nl\\\/led-binnenverlichting\\\/pendelarmaturen\\\/philips-flexblend-suspended-pendel-armatuur\\\/\"]}]},{\"@type\":\"ImageObject\",\"inLanguage\":\"en-US\",\"@id\":\"https:\\\/\\\/ledgoeroe.nl\\\/led-binnenverlichting\\\/pendelarmaturen\\\/philips-flexblend-suspended-pendel-armatuur\\\/#primaryimage\",\"url\":\"https:\\\/\\\/ledgoeroe.nl\\\/wp-content\\\/uploads\\\/2019\\\/02\\\/ledgoeroe.nl-philips-smartbalance-sp480p-1.jpg\",\"contentUrl\":\"https:\\\/\\\/ledgoeroe.nl\\\/wp-content\\\/uploads\\\/2019\\\/02\\\/ledgoeroe.nl-philips-smartbalance-sp480p-1.jpg\",\"width\":1208,\"height\":704},{\"@type\":\"BreadcrumbList\",\"@id\":\"https:\\\/\\\/ledgoeroe.nl\\\/led-binnenverlichting\\\/pendelarmaturen\\\/philips-flexblend-suspended-pendel-armatuur\\\/#breadcrumb\",\"itemListElement\":[{\"@type\":\"ListItem\",\"position\":1,\"name\":\"Home\",\"item\":\"https:\\\/\\\/ledgoeroe.nl\\\/\"},{\"@type\":\"ListItem\",\"position\":2,\"name\":\"Shop\",\"item\":\"https:\\\/\\\/ledgoeroe.nl\\\/shop\\\/\"},{\"@type\":\"ListItem\",\"position\":3,\"name\":\"Philips Flexblend Suspended\"}]},{\"@type\":\"WebSite\",\"@id\":\"https:\\\/\\\/ledgoeroe.nl\\\/#website\",\"url\":\"https:\\\/\\\/ledgoeroe.nl\\\/\",\"name\":\"LED Goeroe\",\"description\":\"D\u00e9 specialist in LED-verlichting\",\"publisher\":{\"@id\":\"https:\\\/\\\/ledgoeroe.nl\\\/#organization\"},\"potentialAction\":[{\"@type\":\"SearchAction\",\"target\":{\"@type\":\"EntryPoint\",\"urlTemplate\":\"https:\\\/\\\/ledgoeroe.nl\\\/?s={search_term_string}\"},\"query-input\":{\"@type\":\"PropertyValueSpecification\",\"valueRequired\":true,\"valueName\":\"search_term_string\"}}],\"inLanguage\":\"en-US\"},{\"@type\":\"Organization\",\"@id\":\"https:\\\/\\\/ledgoeroe.nl\\\/#organization\",\"name\":\"LED Goeroe\",\"url\":\"https:\\\/\\\/ledgoeroe.nl\\\/\",\"logo\":{\"@type\":\"ImageObject\",\"inLanguage\":\"en-US\",\"@id\":\"https:\\\/\\\/ledgoeroe.nl\\\/#\\\/schema\\\/logo\\\/image\\\/\",\"url\":\"https:\\\/\\\/ledgoeroe.nl\\\/wp-content\\\/uploads\\\/2018\\\/11\\\/ledgoeroe-logo.png\",\"contentUrl\":\"https:\\\/\\\/ledgoeroe.nl\\\/wp-content\\\/uploads\\\/2018\\\/11\\\/ledgoeroe-logo.png\",\"width\":370,\"height\":70,\"caption\":\"LED Goeroe\"},\"image\":{\"@id\":\"https:\\\/\\\/ledgoeroe.nl\\\/#\\\/schema\\\/logo\\\/image\\\/\"},\"sameAs\":[\"https:\\\/\\\/www.facebook.com\\\/ledgoeroe\",\"https:\\\/\\\/x.com\\\/ledgoeroe\",\"https:\\\/\\\/nl.linkedin.com\\\/in\\\/bj\u00f6rn-tolner-58a74063\"]}]}<\/script>\n<meta property=\"product:brand\" content=\"Philips\" \/>\n<meta property=\"og:availability\" content=\"instock\" \/>\n<meta property=\"product:availability\" content=\"instock\" \/>\n<meta property=\"product:retailer_item_id\" content=\"1377\" \/>\n<meta property=\"product:condition\" content=\"new\" \/>","yoast_head_json":{"title":"Philips Flexblend Suspended | LED Goeroe","description":"De Philips FlexBlend Suspended is de ultieme pendelarmatuur, ontworpen voor optimale verlichting met een strak en modern design. Dankzij geavanceerde optiek biedt hij een perfect uitgebalanceerd lichtbeeld zonder verblinding, wat zorgt voor een comfortabele en productieve werkomgeving. Met zijn energiezuinige LED-technologie, flexibele installatieopties en hoogwaardige afwerking is de FlexBlend Suspended d\u00e9 keuze voor wie stijl, prestaties en duurzaamheid in \u00e9\u00e9n armatuur wil combineren","robots":{"index":"index","follow":"follow","max-snippet":"max-snippet:-1","max-image-preview":"max-image-preview:large","max-video-preview":"max-video-preview:-1"},"canonical":"https:\/\/ledgoeroe.nl\/en\/led-binnenverlichting\/pendelarmaturen\/philips-flexblend-suspended-pendel-armatuur\/","og_locale":"en_US","og_type":"article","og_title":"Philips Flexblend Suspended","og_description":"De Philips FlexBlend Suspended is de ultieme pendelarmatuur, ontworpen voor optimale verlichting met een strak en modern design. Dankzij geavanceerde optiek biedt hij een perfect uitgebalanceerd lichtbeeld zonder verblinding, wat zorgt voor een comfortabele en productieve werkomgeving. Met zijn energiezuinige LED-technologie, flexibele installatieopties en hoogwaardige afwerking is de FlexBlend Suspended d\u00e9 keuze voor wie stijl, prestaties en duurzaamheid in \u00e9\u00e9n armatuur wil combineren","og_url":"https:\/\/ledgoeroe.nl\/en\/led-binnenverlichting\/pendelarmaturen\/philips-flexblend-suspended-pendel-armatuur\/","og_site_name":"LED Goeroe","article_publisher":"https:\/\/www.facebook.com\/ledgoeroe","article_modified_time":"2025-02-10T22:49:17+00:00","og_image":[{"width":1208,"height":704,"url":"https:\/\/ledgoeroe.nl\/wp-content\/uploads\/2019\/02\/ledgoeroe.nl-philips-smartbalance-sp480p-1.jpg","type":"image\/jpeg"}],"twitter_card":"summary_large_image","twitter_site":"@ledgoeroe","twitter_misc":{"Availability":"In stock"},"schema":{"@context":"https:\/\/schema.org","@graph":[{"@type":"WebPage","@id":"https:\/\/ledgoeroe.nl\/led-binnenverlichting\/pendelarmaturen\/philips-flexblend-suspended-pendel-armatuur\/","url":"https:\/\/ledgoeroe.nl\/led-binnenverlichting\/pendelarmaturen\/philips-flexblend-suspended-pendel-armatuur\/","name":"Philips Flexblend Suspended | LED Goeroe","isPartOf":{"@id":"https:\/\/ledgoeroe.nl\/#website"},"primaryImageOfPage":{"@id":"https:\/\/ledgoeroe.nl\/led-binnenverlichting\/pendelarmaturen\/philips-flexblend-suspended-pendel-armatuur\/#primaryimage"},"image":{"@id":"https:\/\/ledgoeroe.nl\/led-binnenverlichting\/pendelarmaturen\/philips-flexblend-suspended-pendel-armatuur\/#primaryimage"},"thumbnailUrl":"https:\/\/ledgoeroe.nl\/wp-content\/uploads\/2019\/02\/ledgoeroe.nl-philips-smartbalance-sp480p-1.jpg","datePublished":"2019-02-22T13:00:15+00:00","dateModified":"2025-02-10T22:49:17+00:00","description":"De Philips FlexBlend Suspended is de ultieme pendelarmatuur, ontworpen voor optimale verlichting met een strak en modern design. Dankzij geavanceerde optiek biedt hij een perfect uitgebalanceerd lichtbeeld zonder verblinding, wat zorgt voor een comfortabele en productieve werkomgeving. Met zijn energiezuinige LED-technologie, flexibele installatieopties en hoogwaardige afwerking is de FlexBlend Suspended d\u00e9 keuze voor wie stijl, prestaties en duurzaamheid in \u00e9\u00e9n armatuur wil combineren","breadcrumb":{"@id":"https:\/\/ledgoeroe.nl\/led-binnenverlichting\/pendelarmaturen\/philips-flexblend-suspended-pendel-armatuur\/#breadcrumb"},"inLanguage":"en-US","potentialAction":[{"@type":"ReadAction","target":["https:\/\/ledgoeroe.nl\/led-binnenverlichting\/pendelarmaturen\/philips-flexblend-suspended-pendel-armatuur\/"]}]},{"@type":"ImageObject","inLanguage":"en-US","@id":"https:\/\/ledgoeroe.nl\/led-binnenverlichting\/pendelarmaturen\/philips-flexblend-suspended-pendel-armatuur\/#primaryimage","url":"https:\/\/ledgoeroe.nl\/wp-content\/uploads\/2019\/02\/ledgoeroe.nl-philips-smartbalance-sp480p-1.jpg","contentUrl":"https:\/\/ledgoeroe.nl\/wp-content\/uploads\/2019\/02\/ledgoeroe.nl-philips-smartbalance-sp480p-1.jpg","width":1208,"height":704},{"@type":"BreadcrumbList","@id":"https:\/\/ledgoeroe.nl\/led-binnenverlichting\/pendelarmaturen\/philips-flexblend-suspended-pendel-armatuur\/#breadcrumb","itemListElement":[{"@type":"ListItem","position":1,"name":"Home","item":"https:\/\/ledgoeroe.nl\/"},{"@type":"ListItem","position":2,"name":"Shop","item":"https:\/\/ledgoeroe.nl\/shop\/"},{"@type":"ListItem","position":3,"name":"Philips Flexblend Suspended"}]},{"@type":"WebSite","@id":"https:\/\/ledgoeroe.nl\/#website","url":"https:\/\/ledgoeroe.nl\/","name":"LED Goeroe","description":"D\u00e9 specialist in LED-verlichting","publisher":{"@id":"https:\/\/ledgoeroe.nl\/#organization"},"potentialAction":[{"@type":"SearchAction","target":{"@type":"EntryPoint","urlTemplate":"https:\/\/ledgoeroe.nl\/?s={search_term_string}"},"query-input":{"@type":"PropertyValueSpecification","valueRequired":true,"valueName":"search_term_string"}}],"inLanguage":"en-US"},{"@type":"Organization","@id":"https:\/\/ledgoeroe.nl\/#organization","name":"LED Goeroe","url":"https:\/\/ledgoeroe.nl\/","logo":{"@type":"ImageObject","inLanguage":"en-US","@id":"https:\/\/ledgoeroe.nl\/#\/schema\/logo\/image\/","url":"https:\/\/ledgoeroe.nl\/wp-content\/uploads\/2018\/11\/ledgoeroe-logo.png","contentUrl":"https:\/\/ledgoeroe.nl\/wp-content\/uploads\/2018\/11\/ledgoeroe-logo.png","width":370,"height":70,"caption":"LED Goeroe"},"image":{"@id":"https:\/\/ledgoeroe.nl\/#\/schema\/logo\/image\/"},"sameAs":["https:\/\/www.facebook.com\/ledgoeroe","https:\/\/x.com\/ledgoeroe","https:\/\/nl.linkedin.com\/in\/bj\u00f6rn-tolner-58a74063"]}]},"product_brand":"Philips","og_availability":"instock","product_availability":"instock","product_retailer_item_id":"1377","product_condition":"new"},"_links":{"self":[{"href":"https:\/\/ledgoeroe.nl\/en\/wp-json\/wp\/v2\/product\/1377","targetHints":{"allow":["GET"]}}],"collection":[{"href":"https:\/\/ledgoeroe.nl\/en\/wp-json\/wp\/v2\/product"}],"about":[{"href":"https:\/\/ledgoeroe.nl\/en\/wp-json\/wp\/v2\/types\/product"}],"replies":[{"embeddable":true,"href":"https:\/\/ledgoeroe.nl\/en\/wp-json\/wp\/v2\/comments?post=1377"}],"wp:featuredmedia":[{"embeddable":true,"href":"https:\/\/ledgoeroe.nl\/en\/wp-json\/wp\/v2\/media\/10862"}],"wp:attachment":[{"href":"https:\/\/ledgoeroe.nl\/en\/wp-json\/wp\/v2\/media?parent=1377"}],"wp:term":[{"taxonomy":"product_brand","embeddable":true,"href":"https:\/\/ledgoeroe.nl\/en\/wp-json\/wp\/v2\/product_brand?post=1377"},{"taxonomy":"product_cat","embeddable":true,"href":"https:\/\/ledgoeroe.nl\/en\/wp-json\/wp\/v2\/product_cat?post=1377"},{"taxonomy":"product_tag","embeddable":true,"href":"https:\/\/ledgoeroe.nl\/en\/wp-json\/wp\/v2\/product_tag?post=1377"}],"curies":[{"name":"wp","href":"https:\/\/api.w.org\/{rel}","templated":true}]}}