{"id":6340,"date":"2020-01-22T16:07:55","date_gmt":"2020-01-22T15:07:55","guid":{"rendered":"https:\/\/ledgoeroe.nl\/?post_type=product&#038;p=6340"},"modified":"2025-02-11T00:11:45","modified_gmt":"2025-02-10T23:11:45","slug":"masterconnect-ledspot-gu10","status":"publish","type":"product","link":"https:\/\/ledgoeroe.nl\/en\/led-lampen-en-buizen\/led-spots\/masterconnect-ledspot-gu10\/","title":{"rendered":"MasterConnect LEDspot GU10"},"content":{"rendered":"<p>Philips MasterConnect is de ideale keus voor professionals die gemakkelijke connected lighting willen, dankzij een breed aanbod van &#8216;smart retrofit&#8217; LED-lampen en buizen. Uw nieuwe verlichtingssysteem is eenvoudig in te stellen met behulp van onze intu\u00eftieve Bluetooth-app. Bovendien kan het systeem eenvoudig worden geprogrammeerd voor automatisering (aanwezigheids-\/daglichtdetectie), draadloos dimmen, zonering en scenario&#8217;s. Het resultaat? Maximale energiebesparingen en een comfortabelere en flexibelere werkruimte! MasterConnect LED&#8217;s zijn Interact Ready. Je hoeft alleen een gateway toe te voegen om te kunnen profiteren van de op de cloud gebaseerde voordelen van het Interact IoT-platform, zoals dashboardbeheer, afstandsbediening en tijdprogrammering, waardoor je kan beschikken over de eindeloze mogelijkheden van connected lighting.<\/p>\n<ul>\n<li>\u00e9\u00e9n op \u00e9\u00e9n vervangen<\/li>\n<li>Dezelfde kleur<\/li>\n<li>lichtspreiding 38\u00ba<\/li>\n<li>warm-wit 3000K<\/li>\n<\/ul>","protected":false},"excerpt":{"rendered":"<p>Philips MasterConnect is de ideale keus voor professionals die gemakkelijke connected lighting willen, dankzij een breed aanbod van &#8216;smart retrofit&#8217; LED-lampen en buizen. Uw nieuwe verlichtingssysteem is eenvoudig in te stellen met behulp van onze intu\u00eftieve Bluetooth-app. Bovendien kan het systeem eenvoudig worden geprogrammeerd voor automatisering (aanwezigheids-\/daglichtdetectie), draadloos dimmen, zonering en scenario&#8217;s. Het resultaat? Maximale [&hellip;]<\/p>\n","protected":false},"featured_media":10864,"comment_status":"open","ping_status":"closed","template":"","meta":{"_acf_changed":false},"product_brand":[1820],"product_cat":[23,24],"product_tag":[],"class_list":{"0":"post-6340","1":"product","2":"type-product","3":"status-publish","4":"has-post-thumbnail","6":"product_brand-ledgoeroe","7":"product_cat-led-lampen-en-buizen","8":"product_cat-led-spots","9":"pa_dimbaar-ja","10":"pa_dimbaar-nee","12":"first","13":"instock","14":"sale","15":"taxable","16":"shipping-taxable","17":"purchasable","18":"product-type-simple"},"acf":[],"yoast_head":"<title>MasterConnect LEDspot GU10 | LED Goeroe<\/title>\n<meta name=\"description\" content=\"Philips MasterConnect is de ideale keus voor professionals die gemakkelijke connected lighting willen, dankzij een breed aanbod van &#039;smart retrofit&#039; LED-lampen en buizen. Uw nieuwe verlichtingssysteem is eenvoudig in te stellen met behulp van onze intu\u00eftieve Bluetooth-app. Bovendien kan het systeem eenvoudig worden geprogrammeerd voor automatisering (aanwezigheids-\/daglichtdetectie), draadloos dimmen, zonering en scenario&#039;s. Het resultaat? Maximale energiebesparingen en een comfortabelere en flexibelere werkruimte! MasterConnect LED&#039;s zijn Interact Ready. Je hoeft alleen een gateway toe te voegen om te kunnen profiteren van de op de cloud gebaseerde voordelen van het Interact IoT-platform, zoals dashboardbeheer, afstandsbediening en tijdprogrammering, waardoor je kan beschikken over de eindeloze mogelijkheden van connected lighting.\" \/>\n<meta name=\"robots\" content=\"index, follow, max-snippet:-1, max-image-preview:large, max-video-preview:-1\" \/>\n<link rel=\"canonical\" href=\"https:\/\/ledgoeroe.nl\/en\/led-lampen-en-buizen\/led-spots\/masterconnect-ledspot-gu10\/\" \/>\n<meta property=\"og:locale\" content=\"en_US\" \/>\n<meta property=\"og:type\" content=\"article\" \/>\n<meta property=\"og:title\" content=\"MasterConnect LEDspot GU10\" \/>\n<meta property=\"og:description\" content=\"Philips MasterConnect is de ideale keus voor professionals die gemakkelijke connected lighting willen, dankzij een breed aanbod van &#039;smart retrofit&#039; LED-lampen en buizen. Uw nieuwe verlichtingssysteem is eenvoudig in te stellen met behulp van onze intu\u00eftieve Bluetooth-app. Bovendien kan het systeem eenvoudig worden geprogrammeerd voor automatisering (aanwezigheids-\/daglichtdetectie), draadloos dimmen, zonering en scenario&#039;s. Het resultaat? Maximale energiebesparingen en een comfortabelere en flexibelere werkruimte! MasterConnect LED&#039;s zijn Interact Ready. Je hoeft alleen een gateway toe te voegen om te kunnen profiteren van de op de cloud gebaseerde voordelen van het Interact IoT-platform, zoals dashboardbeheer, afstandsbediening en tijdprogrammering, waardoor je kan beschikken over de eindeloze mogelijkheden van connected lighting.\" \/>\n<meta property=\"og:url\" content=\"https:\/\/ledgoeroe.nl\/en\/led-lampen-en-buizen\/led-spots\/masterconnect-ledspot-gu10\/\" \/>\n<meta property=\"og:site_name\" content=\"LED Goeroe\" \/>\n<meta property=\"article:publisher\" content=\"https:\/\/www.facebook.com\/ledgoeroe\" \/>\n<meta property=\"article:modified_time\" content=\"2025-02-10T23:11:45+00:00\" \/>\n<meta property=\"og:image\" content=\"https:\/\/ledgoeroe.nl\/wp-content\/uploads\/2020\/01\/ledgoeroe.nl-led-spot-gu10-3w-warm-wit-2700k-38-1.jpg\" \/>\n\t<meta property=\"og:image:width\" content=\"896\" \/>\n\t<meta property=\"og:image:height\" content=\"504\" \/>\n\t<meta property=\"og:image:type\" content=\"image\/jpeg\" \/>\n<meta name=\"twitter:card\" content=\"summary_large_image\" \/>\n<meta name=\"twitter:site\" content=\"@ledgoeroe\" \/>\n<meta name=\"twitter:label1\" content=\"Price\" \/>\n\t<meta name=\"twitter:data1\" content=\"&euro;8,95 incl. BTW\" \/>\n\t<meta name=\"twitter:label2\" content=\"Availability\" \/>\n\t<meta name=\"twitter:data2\" content=\"In stock\" \/>\n<script type=\"application\/ld+json\" class=\"yoast-schema-graph\">{\"@context\":\"https:\\\/\\\/schema.org\",\"@graph\":[{\"@type\":\"WebPage\",\"@id\":\"https:\\\/\\\/ledgoeroe.nl\\\/led-lampen-en-buizen\\\/led-spots\\\/masterconnect-ledspot-gu10\\\/\",\"url\":\"https:\\\/\\\/ledgoeroe.nl\\\/led-lampen-en-buizen\\\/led-spots\\\/masterconnect-ledspot-gu10\\\/\",\"name\":\"MasterConnect LEDspot GU10 | LED Goeroe\",\"isPartOf\":{\"@id\":\"https:\\\/\\\/ledgoeroe.nl\\\/#website\"},\"primaryImageOfPage\":{\"@id\":\"https:\\\/\\\/ledgoeroe.nl\\\/led-lampen-en-buizen\\\/led-spots\\\/masterconnect-ledspot-gu10\\\/#primaryimage\"},\"image\":{\"@id\":\"https:\\\/\\\/ledgoeroe.nl\\\/led-lampen-en-buizen\\\/led-spots\\\/masterconnect-ledspot-gu10\\\/#primaryimage\"},\"thumbnailUrl\":\"https:\\\/\\\/ledgoeroe.nl\\\/wp-content\\\/uploads\\\/2020\\\/01\\\/ledgoeroe.nl-led-spot-gu10-3w-warm-wit-2700k-38-1.jpg\",\"datePublished\":\"2020-01-22T15:07:55+00:00\",\"dateModified\":\"2025-02-10T23:11:45+00:00\",\"description\":\"Philips MasterConnect is de ideale keus voor professionals die gemakkelijke connected lighting willen, dankzij een breed aanbod van 'smart retrofit' LED-lampen en buizen. Uw nieuwe verlichtingssysteem is eenvoudig in te stellen met behulp van onze intu\u00eftieve Bluetooth-app. Bovendien kan het systeem eenvoudig worden geprogrammeerd voor automatisering (aanwezigheids-\\\/daglichtdetectie), draadloos dimmen, zonering en scenario's. Het resultaat? Maximale energiebesparingen en een comfortabelere en flexibelere werkruimte! MasterConnect LED's zijn Interact Ready. Je hoeft alleen een gateway toe te voegen om te kunnen profiteren van de op de cloud gebaseerde voordelen van het Interact IoT-platform, zoals dashboardbeheer, afstandsbediening en tijdprogrammering, waardoor je kan beschikken over de eindeloze mogelijkheden van connected lighting.\",\"breadcrumb\":{\"@id\":\"https:\\\/\\\/ledgoeroe.nl\\\/led-lampen-en-buizen\\\/led-spots\\\/masterconnect-ledspot-gu10\\\/#breadcrumb\"},\"inLanguage\":\"en-US\",\"potentialAction\":[{\"@type\":\"ReadAction\",\"target\":[\"https:\\\/\\\/ledgoeroe.nl\\\/led-lampen-en-buizen\\\/led-spots\\\/masterconnect-ledspot-gu10\\\/\"]}]},{\"@type\":\"ImageObject\",\"inLanguage\":\"en-US\",\"@id\":\"https:\\\/\\\/ledgoeroe.nl\\\/led-lampen-en-buizen\\\/led-spots\\\/masterconnect-ledspot-gu10\\\/#primaryimage\",\"url\":\"https:\\\/\\\/ledgoeroe.nl\\\/wp-content\\\/uploads\\\/2020\\\/01\\\/ledgoeroe.nl-led-spot-gu10-3w-warm-wit-2700k-38-1.jpg\",\"contentUrl\":\"https:\\\/\\\/ledgoeroe.nl\\\/wp-content\\\/uploads\\\/2020\\\/01\\\/ledgoeroe.nl-led-spot-gu10-3w-warm-wit-2700k-38-1.jpg\",\"width\":896,\"height\":504},{\"@type\":\"BreadcrumbList\",\"@id\":\"https:\\\/\\\/ledgoeroe.nl\\\/led-lampen-en-buizen\\\/led-spots\\\/masterconnect-ledspot-gu10\\\/#breadcrumb\",\"itemListElement\":[{\"@type\":\"ListItem\",\"position\":1,\"name\":\"Home\",\"item\":\"https:\\\/\\\/ledgoeroe.nl\\\/\"},{\"@type\":\"ListItem\",\"position\":2,\"name\":\"Shop\",\"item\":\"https:\\\/\\\/ledgoeroe.nl\\\/shop\\\/\"},{\"@type\":\"ListItem\",\"position\":3,\"name\":\"MasterConnect LEDspot GU10\"}]},{\"@type\":\"WebSite\",\"@id\":\"https:\\\/\\\/ledgoeroe.nl\\\/#website\",\"url\":\"https:\\\/\\\/ledgoeroe.nl\\\/\",\"name\":\"LED Goeroe\",\"description\":\"D\u00e9 specialist in LED-verlichting\",\"publisher\":{\"@id\":\"https:\\\/\\\/ledgoeroe.nl\\\/#organization\"},\"potentialAction\":[{\"@type\":\"SearchAction\",\"target\":{\"@type\":\"EntryPoint\",\"urlTemplate\":\"https:\\\/\\\/ledgoeroe.nl\\\/?s={search_term_string}\"},\"query-input\":{\"@type\":\"PropertyValueSpecification\",\"valueRequired\":true,\"valueName\":\"search_term_string\"}}],\"inLanguage\":\"en-US\"},{\"@type\":\"Organization\",\"@id\":\"https:\\\/\\\/ledgoeroe.nl\\\/#organization\",\"name\":\"LED Goeroe\",\"url\":\"https:\\\/\\\/ledgoeroe.nl\\\/\",\"logo\":{\"@type\":\"ImageObject\",\"inLanguage\":\"en-US\",\"@id\":\"https:\\\/\\\/ledgoeroe.nl\\\/#\\\/schema\\\/logo\\\/image\\\/\",\"url\":\"https:\\\/\\\/ledgoeroe.nl\\\/wp-content\\\/uploads\\\/2018\\\/11\\\/ledgoeroe-logo.png\",\"contentUrl\":\"https:\\\/\\\/ledgoeroe.nl\\\/wp-content\\\/uploads\\\/2018\\\/11\\\/ledgoeroe-logo.png\",\"width\":370,\"height\":70,\"caption\":\"LED Goeroe\"},\"image\":{\"@id\":\"https:\\\/\\\/ledgoeroe.nl\\\/#\\\/schema\\\/logo\\\/image\\\/\"},\"sameAs\":[\"https:\\\/\\\/www.facebook.com\\\/ledgoeroe\",\"https:\\\/\\\/x.com\\\/ledgoeroe\",\"https:\\\/\\\/nl.linkedin.com\\\/in\\\/bj\u00f6rn-tolner-58a74063\"]}]}<\/script>\n<meta property=\"product:brand\" content=\"Ledgoeroe\" \/>\n<meta property=\"product:price:amount\" content=\"8.95\" \/>\n<meta property=\"product:price:currency\" content=\"EUR\" \/>\n<meta property=\"og:availability\" content=\"instock\" \/>\n<meta property=\"product:availability\" content=\"instock\" \/>\n<meta property=\"product:retailer_item_id\" content=\"6340\" \/>\n<meta property=\"product:condition\" content=\"new\" \/>","yoast_head_json":{"title":"MasterConnect LEDspot GU10 | LED Goeroe","description":"Philips MasterConnect is de ideale keus voor professionals die gemakkelijke connected lighting willen, dankzij een breed aanbod van 'smart retrofit' LED-lampen en buizen. Uw nieuwe verlichtingssysteem is eenvoudig in te stellen met behulp van onze intu\u00eftieve Bluetooth-app. Bovendien kan het systeem eenvoudig worden geprogrammeerd voor automatisering (aanwezigheids-\/daglichtdetectie), draadloos dimmen, zonering en scenario's. Het resultaat? Maximale energiebesparingen en een comfortabelere en flexibelere werkruimte! MasterConnect LED's zijn Interact Ready. Je hoeft alleen een gateway toe te voegen om te kunnen profiteren van de op de cloud gebaseerde voordelen van het Interact IoT-platform, zoals dashboardbeheer, afstandsbediening en tijdprogrammering, waardoor je kan beschikken over de eindeloze mogelijkheden van connected lighting.","robots":{"index":"index","follow":"follow","max-snippet":"max-snippet:-1","max-image-preview":"max-image-preview:large","max-video-preview":"max-video-preview:-1"},"canonical":"https:\/\/ledgoeroe.nl\/en\/led-lampen-en-buizen\/led-spots\/masterconnect-ledspot-gu10\/","og_locale":"en_US","og_type":"article","og_title":"MasterConnect LEDspot GU10","og_description":"Philips MasterConnect is de ideale keus voor professionals die gemakkelijke connected lighting willen, dankzij een breed aanbod van 'smart retrofit' LED-lampen en buizen. Uw nieuwe verlichtingssysteem is eenvoudig in te stellen met behulp van onze intu\u00eftieve Bluetooth-app. Bovendien kan het systeem eenvoudig worden geprogrammeerd voor automatisering (aanwezigheids-\/daglichtdetectie), draadloos dimmen, zonering en scenario's. Het resultaat? Maximale energiebesparingen en een comfortabelere en flexibelere werkruimte! MasterConnect LED's zijn Interact Ready. Je hoeft alleen een gateway toe te voegen om te kunnen profiteren van de op de cloud gebaseerde voordelen van het Interact IoT-platform, zoals dashboardbeheer, afstandsbediening en tijdprogrammering, waardoor je kan beschikken over de eindeloze mogelijkheden van connected lighting.","og_url":"https:\/\/ledgoeroe.nl\/en\/led-lampen-en-buizen\/led-spots\/masterconnect-ledspot-gu10\/","og_site_name":"LED Goeroe","article_publisher":"https:\/\/www.facebook.com\/ledgoeroe","article_modified_time":"2025-02-10T23:11:45+00:00","og_image":[{"width":896,"height":504,"url":"https:\/\/ledgoeroe.nl\/wp-content\/uploads\/2020\/01\/ledgoeroe.nl-led-spot-gu10-3w-warm-wit-2700k-38-1.jpg","type":"image\/jpeg"}],"twitter_card":"summary_large_image","twitter_site":"@ledgoeroe","twitter_misc":{"Price":"&euro;8,95 incl. BTW","Availability":"In stock"},"schema":{"@context":"https:\/\/schema.org","@graph":[{"@type":"WebPage","@id":"https:\/\/ledgoeroe.nl\/led-lampen-en-buizen\/led-spots\/masterconnect-ledspot-gu10\/","url":"https:\/\/ledgoeroe.nl\/led-lampen-en-buizen\/led-spots\/masterconnect-ledspot-gu10\/","name":"MasterConnect LEDspot GU10 | LED Goeroe","isPartOf":{"@id":"https:\/\/ledgoeroe.nl\/#website"},"primaryImageOfPage":{"@id":"https:\/\/ledgoeroe.nl\/led-lampen-en-buizen\/led-spots\/masterconnect-ledspot-gu10\/#primaryimage"},"image":{"@id":"https:\/\/ledgoeroe.nl\/led-lampen-en-buizen\/led-spots\/masterconnect-ledspot-gu10\/#primaryimage"},"thumbnailUrl":"https:\/\/ledgoeroe.nl\/wp-content\/uploads\/2020\/01\/ledgoeroe.nl-led-spot-gu10-3w-warm-wit-2700k-38-1.jpg","datePublished":"2020-01-22T15:07:55+00:00","dateModified":"2025-02-10T23:11:45+00:00","description":"Philips MasterConnect is de ideale keus voor professionals die gemakkelijke connected lighting willen, dankzij een breed aanbod van 'smart retrofit' LED-lampen en buizen. Uw nieuwe verlichtingssysteem is eenvoudig in te stellen met behulp van onze intu\u00eftieve Bluetooth-app. Bovendien kan het systeem eenvoudig worden geprogrammeerd voor automatisering (aanwezigheids-\/daglichtdetectie), draadloos dimmen, zonering en scenario's. Het resultaat? Maximale energiebesparingen en een comfortabelere en flexibelere werkruimte! MasterConnect LED's zijn Interact Ready. Je hoeft alleen een gateway toe te voegen om te kunnen profiteren van de op de cloud gebaseerde voordelen van het Interact IoT-platform, zoals dashboardbeheer, afstandsbediening en tijdprogrammering, waardoor je kan beschikken over de eindeloze mogelijkheden van connected lighting.","breadcrumb":{"@id":"https:\/\/ledgoeroe.nl\/led-lampen-en-buizen\/led-spots\/masterconnect-ledspot-gu10\/#breadcrumb"},"inLanguage":"en-US","potentialAction":[{"@type":"ReadAction","target":["https:\/\/ledgoeroe.nl\/led-lampen-en-buizen\/led-spots\/masterconnect-ledspot-gu10\/"]}]},{"@type":"ImageObject","inLanguage":"en-US","@id":"https:\/\/ledgoeroe.nl\/led-lampen-en-buizen\/led-spots\/masterconnect-ledspot-gu10\/#primaryimage","url":"https:\/\/ledgoeroe.nl\/wp-content\/uploads\/2020\/01\/ledgoeroe.nl-led-spot-gu10-3w-warm-wit-2700k-38-1.jpg","contentUrl":"https:\/\/ledgoeroe.nl\/wp-content\/uploads\/2020\/01\/ledgoeroe.nl-led-spot-gu10-3w-warm-wit-2700k-38-1.jpg","width":896,"height":504},{"@type":"BreadcrumbList","@id":"https:\/\/ledgoeroe.nl\/led-lampen-en-buizen\/led-spots\/masterconnect-ledspot-gu10\/#breadcrumb","itemListElement":[{"@type":"ListItem","position":1,"name":"Home","item":"https:\/\/ledgoeroe.nl\/"},{"@type":"ListItem","position":2,"name":"Shop","item":"https:\/\/ledgoeroe.nl\/shop\/"},{"@type":"ListItem","position":3,"name":"MasterConnect LEDspot GU10"}]},{"@type":"WebSite","@id":"https:\/\/ledgoeroe.nl\/#website","url":"https:\/\/ledgoeroe.nl\/","name":"LED Goeroe","description":"D\u00e9 specialist in LED-verlichting","publisher":{"@id":"https:\/\/ledgoeroe.nl\/#organization"},"potentialAction":[{"@type":"SearchAction","target":{"@type":"EntryPoint","urlTemplate":"https:\/\/ledgoeroe.nl\/?s={search_term_string}"},"query-input":{"@type":"PropertyValueSpecification","valueRequired":true,"valueName":"search_term_string"}}],"inLanguage":"en-US"},{"@type":"Organization","@id":"https:\/\/ledgoeroe.nl\/#organization","name":"LED Goeroe","url":"https:\/\/ledgoeroe.nl\/","logo":{"@type":"ImageObject","inLanguage":"en-US","@id":"https:\/\/ledgoeroe.nl\/#\/schema\/logo\/image\/","url":"https:\/\/ledgoeroe.nl\/wp-content\/uploads\/2018\/11\/ledgoeroe-logo.png","contentUrl":"https:\/\/ledgoeroe.nl\/wp-content\/uploads\/2018\/11\/ledgoeroe-logo.png","width":370,"height":70,"caption":"LED Goeroe"},"image":{"@id":"https:\/\/ledgoeroe.nl\/#\/schema\/logo\/image\/"},"sameAs":["https:\/\/www.facebook.com\/ledgoeroe","https:\/\/x.com\/ledgoeroe","https:\/\/nl.linkedin.com\/in\/bj\u00f6rn-tolner-58a74063"]}]},"product_brand":"Ledgoeroe","product_price_amount":"8.95","product_price_currency":"EUR","og_availability":"instock","product_availability":"instock","product_retailer_item_id":"6340","product_condition":"new"},"_links":{"self":[{"href":"https:\/\/ledgoeroe.nl\/en\/wp-json\/wp\/v2\/product\/6340","targetHints":{"allow":["GET"]}}],"collection":[{"href":"https:\/\/ledgoeroe.nl\/en\/wp-json\/wp\/v2\/product"}],"about":[{"href":"https:\/\/ledgoeroe.nl\/en\/wp-json\/wp\/v2\/types\/product"}],"replies":[{"embeddable":true,"href":"https:\/\/ledgoeroe.nl\/en\/wp-json\/wp\/v2\/comments?post=6340"}],"wp:featuredmedia":[{"embeddable":true,"href":"https:\/\/ledgoeroe.nl\/en\/wp-json\/wp\/v2\/media\/10864"}],"wp:attachment":[{"href":"https:\/\/ledgoeroe.nl\/en\/wp-json\/wp\/v2\/media?parent=6340"}],"wp:term":[{"taxonomy":"product_brand","embeddable":true,"href":"https:\/\/ledgoeroe.nl\/en\/wp-json\/wp\/v2\/product_brand?post=6340"},{"taxonomy":"product_cat","embeddable":true,"href":"https:\/\/ledgoeroe.nl\/en\/wp-json\/wp\/v2\/product_cat?post=6340"},{"taxonomy":"product_tag","embeddable":true,"href":"https:\/\/ledgoeroe.nl\/en\/wp-json\/wp\/v2\/product_tag?post=6340"}],"curies":[{"name":"wp","href":"https:\/\/api.w.org\/{rel}","templated":true}]}}